{"id":408,"date":"2026-03-12T19:45:48","date_gmt":"2026-03-12T18:45:48","guid":{"rendered":"https:\/\/paahjulmotmobbing.wp1.hcweb.dev\/?post_type=product&#038;p=408"},"modified":"2026-04-10T01:03:19","modified_gmt":"2026-04-09T23:03:19","slug":"hettejakke","status":"publish","type":"product","link":"https:\/\/paahjulmotmobbing.wp1.hcweb.dev\/en\/product\/hettejakke\/","title":{"rendered":"Hooded jacket"},"content":{"rendered":"<div>\n<div>A unisex hooded jacket in a blend of cotton and recycled polyester. The hoodie has an SBS zipper and drawstring in the hood. The hood is made of the same fabric as the jacket itself. Two zipper pockets in the front. Elastic 2\u00d72 rib with double stitching at the bottom of the sleeves and at the bottom edge.<\/div>\n<div><\/div>\n<div class=\"sc-s31epd-0 diuymG d-inline f3-700 mr-1\">Material:<\/div>\n<div class=\"sc-s31epd-0 diuymG d-inline\">80 % Cotton, 20 % Recycled Polyester<\/div>\n<\/div>\n<div>\n<div class=\"sc-s31epd-0 diuymG d-inline f3-700 mr-1\">Weight:<\/div>\n<div class=\"sc-s31epd-0 diuymG d-inline\">260 g\/m2<\/div>\n<\/div>","protected":false},"excerpt":{"rendered":"<p>En unisex hettejakke i en blanding av bomull og resirkulert polyester. Hettejakken har SBS-glidel\u00e5s og snor i hetten. Hetten er laget av samme stoff som selve jakken. To glidel\u00e5slommer i front. Elastisk 2&#215;2 ribb med dobbelts\u00f8m nederst p\u00e5 ermene og i nederekant Materiale: 80 % Bomull, 20 % Resirkulert Polyester Vekt: 260 g\/m2<\/p>","protected":false},"featured_media":573,"template":"","meta":{"_acf_changed":false},"product_brand":[],"product_cat":[15],"product_tag":[],"class_list":{"0":"post-408","1":"product","2":"type-product","3":"status-publish","4":"has-post-thumbnail","6":"product_cat-uncategorized","8":"first","9":"instock","10":"taxable","11":"shipping-taxable","12":"purchasable","13":"product-type-variable"},"acf":[],"yoast_head":"<!-- This site is optimized with the Yoast SEO plugin v27.1.1 - https:\/\/yoast.com\/product\/yoast-seo-wordpress\/ -->\n<title>Hettejakke - paahjulmotmobbing.nb.hcweb.dev<\/title>\n<meta name=\"robots\" content=\"noindex, follow, max-snippet:-1, max-image-preview:large, max-video-preview:-1\" \/>\n<meta property=\"og:locale\" content=\"en_US\" \/>\n<meta property=\"og:type\" content=\"article\" \/>\n<meta property=\"og:title\" content=\"Hettejakke - paahjulmotmobbing.nb.hcweb.dev\" \/>\n<meta property=\"og:description\" content=\"En unisex hettejakke i en blanding av bomull og resirkulert polyester. Hettejakken har SBS-glidel\u00e5s og snor i hetten. Hetten er laget av samme stoff som selve jakken. To glidel\u00e5slommer i front. Elastisk 2&#215;2 ribb med dobbelts\u00f8m nederst p\u00e5 ermene og i nederekant Materiale: 80 % Bomull, 20 % Resirkulert Polyester Vekt: 260 g\/m2\" \/>\n<meta property=\"og:url\" content=\"https:\/\/paahjulmotmobbing.wp1.hcweb.dev\/en\/product\/hettejakke\/\" \/>\n<meta property=\"og:site_name\" content=\"paahjulmotmobbing.nb.hcweb.dev\" \/>\n<meta property=\"article:modified_time\" content=\"2026-04-09T23:03:19+00:00\" \/>\n<meta property=\"og:image\" content=\"https:\/\/paahjulmotmobbing.wp1.hcweb.dev\/wp-content\/uploads\/2026\/03\/Hjulmotmobbing_Steinbru_62.jpg\" \/>\n\t<meta property=\"og:image:width\" content=\"1536\" \/>\n\t<meta property=\"og:image:height\" content=\"2048\" \/>\n\t<meta property=\"og:image:type\" content=\"image\/jpeg\" \/>\n<meta name=\"twitter:card\" content=\"summary_large_image\" \/>\n<meta name=\"twitter:label1\" content=\"Est. reading time\" \/>\n\t<meta name=\"twitter:data1\" content=\"1 minute\" \/>\n<script type=\"application\/ld+json\" class=\"yoast-schema-graph\">{\"@context\":\"https:\/\/schema.org\",\"@graph\":[{\"@type\":\"WebPage\",\"@id\":\"https:\/\/paahjulmotmobbing.wp1.hcweb.dev\/en\/product\/hettejakke\/\",\"url\":\"https:\/\/paahjulmotmobbing.wp1.hcweb.dev\/en\/product\/hettejakke\/\",\"name\":\"Hettejakke - paahjulmotmobbing.nb.hcweb.dev\",\"isPartOf\":{\"@id\":\"https:\/\/paahjulmotmobbing.wp1.hcweb.dev\/en\/#website\"},\"primaryImageOfPage\":{\"@id\":\"https:\/\/paahjulmotmobbing.wp1.hcweb.dev\/en\/product\/hettejakke\/#primaryimage\"},\"image\":{\"@id\":\"https:\/\/paahjulmotmobbing.wp1.hcweb.dev\/en\/product\/hettejakke\/#primaryimage\"},\"thumbnailUrl\":\"https:\/\/paahjulmotmobbing.wp1.hcweb.dev\/wp-content\/uploads\/2026\/03\/Hjulmotmobbing_Steinbru_62.jpg\",\"datePublished\":\"2026-03-12T18:45:48+00:00\",\"dateModified\":\"2026-04-09T23:03:19+00:00\",\"breadcrumb\":{\"@id\":\"https:\/\/paahjulmotmobbing.wp1.hcweb.dev\/en\/product\/hettejakke\/#breadcrumb\"},\"inLanguage\":\"en-US\",\"potentialAction\":[{\"@type\":\"ReadAction\",\"target\":[\"https:\/\/paahjulmotmobbing.wp1.hcweb.dev\/en\/product\/hettejakke\/\"]}]},{\"@type\":\"ImageObject\",\"inLanguage\":\"en-US\",\"@id\":\"https:\/\/paahjulmotmobbing.wp1.hcweb.dev\/en\/product\/hettejakke\/#primaryimage\",\"url\":\"https:\/\/paahjulmotmobbing.wp1.hcweb.dev\/wp-content\/uploads\/2026\/03\/Hjulmotmobbing_Steinbru_62.jpg\",\"contentUrl\":\"https:\/\/paahjulmotmobbing.wp1.hcweb.dev\/wp-content\/uploads\/2026\/03\/Hjulmotmobbing_Steinbru_62.jpg\",\"width\":1536,\"height\":2048},{\"@type\":\"BreadcrumbList\",\"@id\":\"https:\/\/paahjulmotmobbing.wp1.hcweb.dev\/en\/product\/hettejakke\/#breadcrumb\",\"itemListElement\":[{\"@type\":\"ListItem\",\"position\":1,\"name\":\"Home\",\"item\":\"https:\/\/paahjulmotmobbing.wp1.hcweb.dev\/en\/\"},{\"@type\":\"ListItem\",\"position\":2,\"name\":\"Nettbutikk\",\"item\":\"https:\/\/paahjulmotmobbing.wp1.hcweb.dev\/en\/nettbutikk\/\"},{\"@type\":\"ListItem\",\"position\":3,\"name\":\"Hettejakke\"}]},{\"@type\":\"WebSite\",\"@id\":\"https:\/\/paahjulmotmobbing.wp1.hcweb.dev\/en\/#website\",\"url\":\"https:\/\/paahjulmotmobbing.wp1.hcweb.dev\/en\/\",\"name\":\"paahjulmotmobbing.nb.hcweb.dev\",\"description\":\"\",\"potentialAction\":[{\"@type\":\"SearchAction\",\"target\":{\"@type\":\"EntryPoint\",\"urlTemplate\":\"https:\/\/paahjulmotmobbing.wp1.hcweb.dev\/en\/?s={search_term_string}\"},\"query-input\":{\"@type\":\"PropertyValueSpecification\",\"valueRequired\":true,\"valueName\":\"search_term_string\"}}],\"inLanguage\":\"en-US\"}]}<\/script>\n<!-- \/ Yoast SEO plugin. -->","yoast_head_json":{"title":"Hettejakke - paahjulmotmobbing.nb.hcweb.dev","robots":{"index":"noindex","follow":"follow","max-snippet":"max-snippet:-1","max-image-preview":"max-image-preview:large","max-video-preview":"max-video-preview:-1"},"og_locale":"en_US","og_type":"article","og_title":"Hettejakke - paahjulmotmobbing.nb.hcweb.dev","og_description":"En unisex hettejakke i en blanding av bomull og resirkulert polyester. Hettejakken har SBS-glidel\u00e5s og snor i hetten. Hetten er laget av samme stoff som selve jakken. To glidel\u00e5slommer i front. Elastisk 2&#215;2 ribb med dobbelts\u00f8m nederst p\u00e5 ermene og i nederekant Materiale: 80 % Bomull, 20 % Resirkulert Polyester Vekt: 260 g\/m2","og_url":"https:\/\/paahjulmotmobbing.wp1.hcweb.dev\/en\/product\/hettejakke\/","og_site_name":"paahjulmotmobbing.nb.hcweb.dev","article_modified_time":"2026-04-09T23:03:19+00:00","og_image":[{"width":1536,"height":2048,"url":"https:\/\/paahjulmotmobbing.wp1.hcweb.dev\/wp-content\/uploads\/2026\/03\/Hjulmotmobbing_Steinbru_62.jpg","type":"image\/jpeg"}],"twitter_card":"summary_large_image","twitter_misc":{"Est. reading time":"1 minute"},"schema":{"@context":"https:\/\/schema.org","@graph":[{"@type":"WebPage","@id":"https:\/\/paahjulmotmobbing.wp1.hcweb.dev\/en\/product\/hettejakke\/","url":"https:\/\/paahjulmotmobbing.wp1.hcweb.dev\/en\/product\/hettejakke\/","name":"Hettejakke - paahjulmotmobbing.nb.hcweb.dev","isPartOf":{"@id":"https:\/\/paahjulmotmobbing.wp1.hcweb.dev\/en\/#website"},"primaryImageOfPage":{"@id":"https:\/\/paahjulmotmobbing.wp1.hcweb.dev\/en\/product\/hettejakke\/#primaryimage"},"image":{"@id":"https:\/\/paahjulmotmobbing.wp1.hcweb.dev\/en\/product\/hettejakke\/#primaryimage"},"thumbnailUrl":"https:\/\/paahjulmotmobbing.wp1.hcweb.dev\/wp-content\/uploads\/2026\/03\/Hjulmotmobbing_Steinbru_62.jpg","datePublished":"2026-03-12T18:45:48+00:00","dateModified":"2026-04-09T23:03:19+00:00","breadcrumb":{"@id":"https:\/\/paahjulmotmobbing.wp1.hcweb.dev\/en\/product\/hettejakke\/#breadcrumb"},"inLanguage":"en-US","potentialAction":[{"@type":"ReadAction","target":["https:\/\/paahjulmotmobbing.wp1.hcweb.dev\/en\/product\/hettejakke\/"]}]},{"@type":"ImageObject","inLanguage":"en-US","@id":"https:\/\/paahjulmotmobbing.wp1.hcweb.dev\/en\/product\/hettejakke\/#primaryimage","url":"https:\/\/paahjulmotmobbing.wp1.hcweb.dev\/wp-content\/uploads\/2026\/03\/Hjulmotmobbing_Steinbru_62.jpg","contentUrl":"https:\/\/paahjulmotmobbing.wp1.hcweb.dev\/wp-content\/uploads\/2026\/03\/Hjulmotmobbing_Steinbru_62.jpg","width":1536,"height":2048},{"@type":"BreadcrumbList","@id":"https:\/\/paahjulmotmobbing.wp1.hcweb.dev\/en\/product\/hettejakke\/#breadcrumb","itemListElement":[{"@type":"ListItem","position":1,"name":"Home","item":"https:\/\/paahjulmotmobbing.wp1.hcweb.dev\/en\/"},{"@type":"ListItem","position":2,"name":"Nettbutikk","item":"https:\/\/paahjulmotmobbing.wp1.hcweb.dev\/en\/nettbutikk\/"},{"@type":"ListItem","position":3,"name":"Hettejakke"}]},{"@type":"WebSite","@id":"https:\/\/paahjulmotmobbing.wp1.hcweb.dev\/en\/#website","url":"https:\/\/paahjulmotmobbing.wp1.hcweb.dev\/en\/","name":"paahjulmotmobbing.nb.hcweb.dev","description":"","potentialAction":[{"@type":"SearchAction","target":{"@type":"EntryPoint","urlTemplate":"https:\/\/paahjulmotmobbing.wp1.hcweb.dev\/en\/?s={search_term_string}"},"query-input":{"@type":"PropertyValueSpecification","valueRequired":true,"valueName":"search_term_string"}}],"inLanguage":"en-US"}]}},"_links":{"self":[{"href":"https:\/\/paahjulmotmobbing.wp1.hcweb.dev\/en\/wp-json\/wp\/v2\/product\/408","targetHints":{"allow":["GET"]}}],"collection":[{"href":"https:\/\/paahjulmotmobbing.wp1.hcweb.dev\/en\/wp-json\/wp\/v2\/product"}],"about":[{"href":"https:\/\/paahjulmotmobbing.wp1.hcweb.dev\/en\/wp-json\/wp\/v2\/types\/product"}],"wp:featuredmedia":[{"embeddable":true,"href":"https:\/\/paahjulmotmobbing.wp1.hcweb.dev\/en\/wp-json\/wp\/v2\/media\/573"}],"wp:attachment":[{"href":"https:\/\/paahjulmotmobbing.wp1.hcweb.dev\/en\/wp-json\/wp\/v2\/media?parent=408"}],"wp:term":[{"taxonomy":"product_brand","embeddable":true,"href":"https:\/\/paahjulmotmobbing.wp1.hcweb.dev\/en\/wp-json\/wp\/v2\/product_brand?post=408"},{"taxonomy":"product_cat","embeddable":true,"href":"https:\/\/paahjulmotmobbing.wp1.hcweb.dev\/en\/wp-json\/wp\/v2\/product_cat?post=408"},{"taxonomy":"product_tag","embeddable":true,"href":"https:\/\/paahjulmotmobbing.wp1.hcweb.dev\/en\/wp-json\/wp\/v2\/product_tag?post=408"}],"curies":[{"name":"wp","href":"https:\/\/api.w.org\/{rel}","templated":true}]}}