{"id":49,"date":"2026-01-13T13:40:15","date_gmt":"2026-01-13T12:40:15","guid":{"rendered":"https:\/\/paahjulmotmobbing.wp1.hcweb.dev\/?page_id=49"},"modified":"2026-03-09T12:21:55","modified_gmt":"2026-03-09T11:21:55","slug":"om-oss","status":"publish","type":"page","link":"https:\/\/paahjulmotmobbing.wp1.hcweb.dev\/en\/om-oss\/","title":{"rendered":"About us"},"content":{"rendered":"<h1>\n\t\t\tAbout us\t<\/h1>\n<h3>\n\t\t\tP\u00e5 hjul mot mobbing is a voluntary organization with a group of caring people who have a burning desire to create positive experiences for children and young people in a difficult everyday life.\t<\/h3>\n<figure itemscope itemtype=\"https:\/\/schema.org\/ImageObject\">\n\t\t\t\t<img decoding=\"async\" src=\"https:\/\/paahjulmotmobbing.wp1.hcweb.dev\/wp-content\/uploads\/2026\/01\/Vector-7.svg\" alt=\"Vector 7\" title=\"Vector 7\" onerror=\"this.style.display='none'\" loading=\"lazy\" \/>\n\t<\/figure>\n<h2>\n\t\t\tOur cause against bullying\t<\/h2>\n\tMobbing kan sette dype spor. For et barn kan det bety urolige netter, vondt i magen f\u00f8r skoledagen starter og en f\u00f8lelse av \u00e5 st\u00e5 helt alene i verden. N\u00e5r negative ord og handlinger gjentas over tid, kan det bli en del av barnets selvbilde. Gleden forsvinner, selvtilliten svekkes, og det som burde v\u00e6rt en trygg og utviklende oppvekst, kan i stedet bli preget av frykt og skam.\nVi er en organisasjon som brenner for \u00e5 skape positive, trygge og styrkende opplevelser for barn og unge som er utsatt for mobbing. Vi vet at en god opplevelse kan gj\u00f8re en forskjell, og at mange gode opplevelser kan bidra til \u00e5 bygge nytt mot, ny tro p\u00e5 seg selv og h\u00e5p for fremtiden. Gjennom fellesskap, mestring og tilstedev\u00e6relse \u00f8nsker vi \u00e5 gi barn og unge rom til \u00e5 v\u00e6re seg selv, bli sett for den de er, og kjenne at de har verdi.\nAlle barn fortjener en barndom med trygghet, glede og tilh\u00f8righet.<br \/>\nOur goal is to be part of the way there.\n<h3>\n\t\t\tGet to know our drivers\t<\/h3>\n\tBak hvert smil, hver opplevelse og hver kj\u00f8retur i P\u00e5 Hjul Mot Mobbing st\u00e5r mennesker med et stort hjerte og et ekte engasjement for barn og unge. V\u00e5re sj\u00e5f\u00f8rer er mer enn bare personer bak rattet, de er trygge voksne, gode rollemodeller og viktige bidragsytere som skaper minner for livet.\nGjennom ulike kj\u00f8ret\u00f8y, aktiviteter og oppdrag bidrar de til \u00e5 gi barn mestring, glede og f\u00f8lelsen av \u00e5 bli sett. Her kan du bli bedre kjent med menneskene som gj\u00f8r dette mulig, og som hver dag legger ned tid og energi for \u00e5 gj\u00f8re en forskjell.\n\t\t\t<a href=\"https:\/\/paahjulmotmobbing.wp1.hcweb.dev\/en\/sjaforer\/\"  target=\"_self\">\n\t\t\t\t\t\t\tDrivers\n\t\t\t\t\t<\/a>","protected":false},"excerpt":{"rendered":"<p>Om oss P\u00e5 hjul mot mobbing er en frivillig organisasjon med en gruppe omsorgsfulle mennesker, som har et brennende \u00f8nske om \u00e5 skape positive opplevelser for barn og unge i en vanskelig hverdag. V\u00e5r hjertesak mot mobbing Mobbing kan sette dype spor. For et barn kan det bety urolige netter, vondt i magen f\u00f8r skoledagen&hellip;<\/p>","protected":false},"author":1,"featured_media":0,"parent":0,"menu_order":0,"comment_status":"closed","ping_status":"closed","template":"","meta":{"_acf_changed":false,"footnotes":""},"class_list":["post-49","page","type-page","status-publish","hentry"],"acf":[],"yoast_head":"<!-- This site is optimized with the Yoast SEO plugin v27.1.1 - https:\/\/yoast.com\/product\/yoast-seo-wordpress\/ -->\n<title>Om oss - paahjulmotmobbing.nb.hcweb.dev<\/title>\n<meta name=\"robots\" content=\"noindex, follow, max-snippet:-1, max-image-preview:large, max-video-preview:-1\" \/>\n<meta property=\"og:locale\" content=\"en_US\" \/>\n<meta property=\"og:type\" content=\"article\" \/>\n<meta property=\"og:title\" content=\"Om oss - paahjulmotmobbing.nb.hcweb.dev\" \/>\n<meta property=\"og:description\" content=\"Om oss P\u00e5 hjul mot mobbing er en frivillig organisasjon med en gruppe omsorgsfulle mennesker, som har et brennende \u00f8nske om \u00e5 skape positive opplevelser for barn og unge i en vanskelig hverdag. V\u00e5r hjertesak mot mobbing Mobbing kan sette dype spor. For et barn kan det bety urolige netter, vondt i magen f\u00f8r skoledagen&hellip;\" \/>\n<meta property=\"og:url\" content=\"https:\/\/paahjulmotmobbing.wp1.hcweb.dev\/en\/om-oss\/\" \/>\n<meta property=\"og:site_name\" content=\"paahjulmotmobbing.nb.hcweb.dev\" \/>\n<meta property=\"article:modified_time\" content=\"2026-03-09T11:21:55+00:00\" \/>\n<meta property=\"og:image\" content=\"https:\/\/paahjulmotmobbing.wp1.hcweb.dev\/wp-content\/uploads\/2026\/01\/Vector-7.svg\" \/>\n<meta name=\"twitter:card\" content=\"summary_large_image\" \/>\n<meta name=\"twitter:label1\" content=\"Est. reading time\" \/>\n\t<meta name=\"twitter:data1\" content=\"2 minutes\" \/>\n<script type=\"application\/ld+json\" class=\"yoast-schema-graph\">{\"@context\":\"https:\/\/schema.org\",\"@graph\":[{\"@type\":\"WebPage\",\"@id\":\"https:\/\/paahjulmotmobbing.wp1.hcweb.dev\/en\/om-oss\/\",\"url\":\"https:\/\/paahjulmotmobbing.wp1.hcweb.dev\/en\/om-oss\/\",\"name\":\"Om oss - paahjulmotmobbing.nb.hcweb.dev\",\"isPartOf\":{\"@id\":\"https:\/\/paahjulmotmobbing.wp1.hcweb.dev\/en\/#website\"},\"primaryImageOfPage\":{\"@id\":\"https:\/\/paahjulmotmobbing.wp1.hcweb.dev\/en\/om-oss\/#primaryimage\"},\"image\":{\"@id\":\"https:\/\/paahjulmotmobbing.wp1.hcweb.dev\/en\/om-oss\/#primaryimage\"},\"thumbnailUrl\":\"https:\/\/paahjulmotmobbing.wp1.hcweb.dev\/wp-content\/uploads\/2026\/01\/Vector-7.svg\",\"datePublished\":\"2026-01-13T12:40:15+00:00\",\"dateModified\":\"2026-03-09T11:21:55+00:00\",\"breadcrumb\":{\"@id\":\"https:\/\/paahjulmotmobbing.wp1.hcweb.dev\/en\/om-oss\/#breadcrumb\"},\"inLanguage\":\"en-US\",\"potentialAction\":[{\"@type\":\"ReadAction\",\"target\":[\"https:\/\/paahjulmotmobbing.wp1.hcweb.dev\/en\/om-oss\/\"]}]},{\"@type\":\"ImageObject\",\"inLanguage\":\"en-US\",\"@id\":\"https:\/\/paahjulmotmobbing.wp1.hcweb.dev\/en\/om-oss\/#primaryimage\",\"url\":\"https:\/\/paahjulmotmobbing.wp1.hcweb.dev\/wp-content\/uploads\/2026\/01\/Vector-7.svg\",\"contentUrl\":\"https:\/\/paahjulmotmobbing.wp1.hcweb.dev\/wp-content\/uploads\/2026\/01\/Vector-7.svg\"},{\"@type\":\"BreadcrumbList\",\"@id\":\"https:\/\/paahjulmotmobbing.wp1.hcweb.dev\/en\/om-oss\/#breadcrumb\",\"itemListElement\":[{\"@type\":\"ListItem\",\"position\":1,\"name\":\"Home\",\"item\":\"https:\/\/paahjulmotmobbing.wp1.hcweb.dev\/en\/\"},{\"@type\":\"ListItem\",\"position\":2,\"name\":\"Om oss\"}]},{\"@type\":\"WebSite\",\"@id\":\"https:\/\/paahjulmotmobbing.wp1.hcweb.dev\/en\/#website\",\"url\":\"https:\/\/paahjulmotmobbing.wp1.hcweb.dev\/en\/\",\"name\":\"paahjulmotmobbing.nb.hcweb.dev\",\"description\":\"\",\"potentialAction\":[{\"@type\":\"SearchAction\",\"target\":{\"@type\":\"EntryPoint\",\"urlTemplate\":\"https:\/\/paahjulmotmobbing.wp1.hcweb.dev\/en\/?s={search_term_string}\"},\"query-input\":{\"@type\":\"PropertyValueSpecification\",\"valueRequired\":true,\"valueName\":\"search_term_string\"}}],\"inLanguage\":\"en-US\"}]}<\/script>\n<!-- \/ Yoast SEO plugin. -->","yoast_head_json":{"title":"Om oss - paahjulmotmobbing.nb.hcweb.dev","robots":{"index":"noindex","follow":"follow","max-snippet":"max-snippet:-1","max-image-preview":"max-image-preview:large","max-video-preview":"max-video-preview:-1"},"og_locale":"en_US","og_type":"article","og_title":"Om oss - paahjulmotmobbing.nb.hcweb.dev","og_description":"Om oss P\u00e5 hjul mot mobbing er en frivillig organisasjon med en gruppe omsorgsfulle mennesker, som har et brennende \u00f8nske om \u00e5 skape positive opplevelser for barn og unge i en vanskelig hverdag. V\u00e5r hjertesak mot mobbing Mobbing kan sette dype spor. For et barn kan det bety urolige netter, vondt i magen f\u00f8r skoledagen&hellip;","og_url":"https:\/\/paahjulmotmobbing.wp1.hcweb.dev\/en\/om-oss\/","og_site_name":"paahjulmotmobbing.nb.hcweb.dev","article_modified_time":"2026-03-09T11:21:55+00:00","og_image":[{"url":"https:\/\/paahjulmotmobbing.wp1.hcweb.dev\/wp-content\/uploads\/2026\/01\/Vector-7.svg","type":"","width":"","height":""}],"twitter_card":"summary_large_image","twitter_misc":{"Est. reading time":"2 minutes"},"schema":{"@context":"https:\/\/schema.org","@graph":[{"@type":"WebPage","@id":"https:\/\/paahjulmotmobbing.wp1.hcweb.dev\/en\/om-oss\/","url":"https:\/\/paahjulmotmobbing.wp1.hcweb.dev\/en\/om-oss\/","name":"Om oss - paahjulmotmobbing.nb.hcweb.dev","isPartOf":{"@id":"https:\/\/paahjulmotmobbing.wp1.hcweb.dev\/en\/#website"},"primaryImageOfPage":{"@id":"https:\/\/paahjulmotmobbing.wp1.hcweb.dev\/en\/om-oss\/#primaryimage"},"image":{"@id":"https:\/\/paahjulmotmobbing.wp1.hcweb.dev\/en\/om-oss\/#primaryimage"},"thumbnailUrl":"https:\/\/paahjulmotmobbing.wp1.hcweb.dev\/wp-content\/uploads\/2026\/01\/Vector-7.svg","datePublished":"2026-01-13T12:40:15+00:00","dateModified":"2026-03-09T11:21:55+00:00","breadcrumb":{"@id":"https:\/\/paahjulmotmobbing.wp1.hcweb.dev\/en\/om-oss\/#breadcrumb"},"inLanguage":"en-US","potentialAction":[{"@type":"ReadAction","target":["https:\/\/paahjulmotmobbing.wp1.hcweb.dev\/en\/om-oss\/"]}]},{"@type":"ImageObject","inLanguage":"en-US","@id":"https:\/\/paahjulmotmobbing.wp1.hcweb.dev\/en\/om-oss\/#primaryimage","url":"https:\/\/paahjulmotmobbing.wp1.hcweb.dev\/wp-content\/uploads\/2026\/01\/Vector-7.svg","contentUrl":"https:\/\/paahjulmotmobbing.wp1.hcweb.dev\/wp-content\/uploads\/2026\/01\/Vector-7.svg"},{"@type":"BreadcrumbList","@id":"https:\/\/paahjulmotmobbing.wp1.hcweb.dev\/en\/om-oss\/#breadcrumb","itemListElement":[{"@type":"ListItem","position":1,"name":"Home","item":"https:\/\/paahjulmotmobbing.wp1.hcweb.dev\/en\/"},{"@type":"ListItem","position":2,"name":"Om oss"}]},{"@type":"WebSite","@id":"https:\/\/paahjulmotmobbing.wp1.hcweb.dev\/en\/#website","url":"https:\/\/paahjulmotmobbing.wp1.hcweb.dev\/en\/","name":"paahjulmotmobbing.nb.hcweb.dev","description":"","potentialAction":[{"@type":"SearchAction","target":{"@type":"EntryPoint","urlTemplate":"https:\/\/paahjulmotmobbing.wp1.hcweb.dev\/en\/?s={search_term_string}"},"query-input":{"@type":"PropertyValueSpecification","valueRequired":true,"valueName":"search_term_string"}}],"inLanguage":"en-US"}]}},"_links":{"self":[{"href":"https:\/\/paahjulmotmobbing.wp1.hcweb.dev\/en\/wp-json\/wp\/v2\/pages\/49","targetHints":{"allow":["GET"]}}],"collection":[{"href":"https:\/\/paahjulmotmobbing.wp1.hcweb.dev\/en\/wp-json\/wp\/v2\/pages"}],"about":[{"href":"https:\/\/paahjulmotmobbing.wp1.hcweb.dev\/en\/wp-json\/wp\/v2\/types\/page"}],"author":[{"embeddable":true,"href":"https:\/\/paahjulmotmobbing.wp1.hcweb.dev\/en\/wp-json\/wp\/v2\/users\/1"}],"replies":[{"embeddable":true,"href":"https:\/\/paahjulmotmobbing.wp1.hcweb.dev\/en\/wp-json\/wp\/v2\/comments?post=49"}],"version-history":[{"count":6,"href":"https:\/\/paahjulmotmobbing.wp1.hcweb.dev\/en\/wp-json\/wp\/v2\/pages\/49\/revisions"}],"predecessor-version":[{"id":394,"href":"https:\/\/paahjulmotmobbing.wp1.hcweb.dev\/en\/wp-json\/wp\/v2\/pages\/49\/revisions\/394"}],"wp:attachment":[{"href":"https:\/\/paahjulmotmobbing.wp1.hcweb.dev\/en\/wp-json\/wp\/v2\/media?parent=49"}],"curies":[{"name":"wp","href":"https:\/\/api.w.org\/{rel}","templated":true}]}}