{"id":45,"date":"2026-01-13T13:39:58","date_gmt":"2026-01-13T12:39:58","guid":{"rendered":"https:\/\/paahjulmotmobbing.wp1.hcweb.dev\/?page_id=45"},"modified":"2026-03-09T12:30:52","modified_gmt":"2026-03-09T11:30:52","slug":"samarbeid","status":"publish","type":"page","link":"https:\/\/paahjulmotmobbing.wp1.hcweb.dev\/en\/samarbeid\/","title":{"rendered":"Working together"},"content":{"rendered":"\n<h1>\n\t\t\tSammerbeid\t<\/h1>\n<h3>\n\t\t\tP\u00e5 Hjul Mot Mobbing samarbeider gjerne med andre organisasjoner, lag, foreninger og akt\u00f8rer som jobber for et felles m\u00e5l: \u00e5 bidra til at barn og unge som har det vanskelig kan f\u00e5 det bedre. Vi tror sterkt p\u00e5 at samarbeid skaper st\u00f8rre muligheter, flere opplevelser og bedre st\u00f8tte rundt barna.\t<\/h3>\n<figure itemscope itemtype=\"https:\/\/schema.org\/ImageObject\">\n\t\t\t\t<img decoding=\"async\" src=\"https:\/\/paahjulmotmobbing.wp1.hcweb.dev\/wp-content\/uploads\/2026\/01\/Vector-7.svg\" alt=\"Vector 7\" title=\"Vector 7\" onerror=\"this.style.display='none'\" loading=\"lazy\" \/>\n\t<\/figure>\n<h3>\n\t\t\tSammen gj\u00f8r vi en forskjell\t<\/h3>\n<h4>\n\t\t\tOrganisasjonen v\u00e5r drives i stor grad av frivillighet og st\u00f8tte fra n\u00e6ringslivet. Nettopp derfor er samarbeid og fellesskap en viktig del av m\u00e5ten vi jobber p\u00e5. N\u00e5r gode krefter g\u00e5r sammen, kan vi skape enda flere positive opplevelser for dem som trenger det mest.\t<\/h4>\n<h4>\n\t\t\tSkape opplevelser sammen?\t<\/h4>\n\t<p>Vi stiller gjerne opp sammen med andre organisasjoner i forbindelse med arrangementer, aktivitetsdager eller prosjekter hvor m\u00e5let er \u00e5 gi barn og unge trygghet, mestring og glede. V\u00e5rt store klubblokale p\u00e5 Klepp inneholder ulike aktiviteter og fasiliteter, og kan etter avtale disponeres i samarbeid med andre akt\u00f8rer. Lokalet brukes aktivt til aktiviteter, samlinger og opplevelser, og vi \u00f8nsker at det skal v\u00e6re en ressurs som kan komme flere til gode.<\/p>\n<h4>\n\t\t\tSm\u00e5 eller store samarbeid, vi er interessert i \u00e5 h\u00f8re dine id\u00e9er!\t<\/h4>\n\t<p>Vi er \u00e5pne for b\u00e5de sm\u00e5 og store samarbeid, enten det gjelder frivillige initiativ, arrangementer, felles prosjekter eller bidrag fra n\u00e6ringslivet. Har dere en id\u00e9 eller et \u00f8nske om samarbeid, tar vi gjerne en prat for \u00e5 se hvordan vi sammen kan skape noe positivt for barna.<\/p>\n<p>Sammen gj\u00f8r vi en forskjell!<\/p>\n\t\t\t<h3>Send inn s\u00f8knadskjema<\/h3>\n    <style id=\"wpforms-css-vars-139\">\n\t\t\t\t#wpforms-139 {\n\t\t\t\t--wpforms-field-size-input-height: 43px;\n--wpforms-field-size-input-spacing: 15px;\n--wpforms-field-size-font-size: 16px;\n--wpforms-field-size-line-height: 19px;\n--wpforms-field-size-padding-h: 14px;\n--wpforms-field-size-checkbox-size: 16px;\n--wpforms-field-size-sublabel-spacing: 5px;\n--wpforms-field-size-icon-size: 1;\n--wpforms-label-size-font-size: 16px;\n--wpforms-label-size-line-height: 19px;\n--wpforms-label-size-sublabel-font-size: 14px;\n--wpforms-label-size-sublabel-line-height: 17px;\n--wpforms-button-size-font-size: 17px;\n--wpforms-button-size-height: 41px;\n--wpforms-button-size-padding-h: 15px;\n--wpforms-button-size-margin-top: 10px;\n--wpforms-container-shadow-size-box-shadow: none;\n\t\t\t}\n\t\t\t<\/style><form id=\"wpforms-form-139\" data-formid=\"139\" method=\"post\" enctype=\"multipart\/form-data\" action=\"\/?page_id=45&#038;fl_builder&#038;wpforms_form_id=139\" data-token=\"492fa7a8c9076e04f9c3ab08b78a2695\" data-token-time=\"1773055852\">Send foresp\u00f8rselPlease enable JavaScript in your browser to complete this form.Please enable JavaScript in your browser to complete this form.<label for=\"wpforms-139-field_1\">Navn *<\/label><input type=\"text\" id=\"wpforms-139-field_1\" name=\"wpforms[fields][1]\" aria-errormessage=\"wpforms-139-field_1-error\" required\/><label for=\"wpforms-139-field_2\">Email *<\/label><input type=\"email\" id=\"wpforms-139-field_2\" name=\"wpforms[fields][2]\" spellcheck=\"false\" aria-errormessage=\"wpforms-139-field_2-error\" required\/><label for=\"wpforms-139-field_3\">Telefon *<\/label><input type=\"tel\" id=\"wpforms-139-field_3\" data-rule-int-phone-field=\"true\" name=\"wpforms[fields][3]\" aria-label=\"Telefon\" aria-errormessage=\"wpforms-139-field_3-error\" required\/><label for=\"wpforms-139-field_6\">Beskrivelse<\/label><textarea id=\"wpforms-139-field_6\" name=\"wpforms[fields][6]\" aria-errormessage=\"wpforms-139-field_6-error\"><\/textarea><label for=\"wpforms-139-field_7\">Last opp CV<\/label>\n\t\t\t\t\t\t\tDrag &amp; Drop Files, \t\t\t\tChoose Files to Upload\n\t\t\t\t\tYou can upload up to 2 files.\n<input type=\"text\"\n\t\tautocomplete=\"off\"\n\t\treadonly\n\t\tclass=\"dropzone-input\"\n\t\tstyle=\"position:absolute!important;clip:rect(0,0,0,0)!important;height:1px!important;width:1px!important;border:0!important;overflow:hidden!important;padding:0!important;margin:0!important;\"\n\t\tid=\"wpforms-139-field_7\"\n\t\tname=\"wpforms_139_7\" \t\tvalue=\"\"\/>\n<!-- .wpforms-field-container --><input type=\"hidden\" name=\"wpforms[id]\" value=\"139\"\/>\t\t\t<input type=\"hidden\"\n\t\t\t\tname=\"wpforms[nonce]\"\n\t\t\t\tvalue=\"e1369b7673\"\n\t\t\t\/>\n\t\t\t<input type=\"hidden\" name=\"page_title\" value=\"Samarbeid\"\/><input type=\"hidden\" name=\"page_url\" value=\"https:\/\/paahjulmotmobbing.wp1.hcweb.dev\/?page_id=45&#038;fl_builder\"\/><input type=\"hidden\" name=\"url_referer\" value=\"\"\/><input type=\"hidden\" name=\"page_id\" value=\"45\"\/><input type=\"hidden\" name=\"wpforms[post_id]\" value=\"45\"\/><button type=\"submit\" name=\"wpforms[submit]\" id=\"wpforms-submit-139\" data-alt-text=\"Sender...\" data-submit-text=\"Send foresp\u00f8rsel\" aria-live=\"assertive\" value=\"wpforms-submit\">Send foresp\u00f8rsel<\/button><img loading=\"lazy\" decoding=\"async\" src=\"https:\/\/paahjulmotmobbing.wp1.hcweb.dev\/wp-content\/plugins\/wpforms\/assets\/images\/submit-spin.svg\" width=\"26\" height=\"26\" alt=\"Loading\"\/><\/form>  <!-- .wpforms-container -->\n\n","protected":false},"excerpt":{"rendered":"<p>Sammerbeid P\u00e5 Hjul Mot Mobbing samarbeider gjerne med andre organisasjoner, lag, foreninger og akt\u00f8rer som jobber for et felles m\u00e5l: \u00e5 bidra til at barn og unge som har det vanskelig kan f\u00e5 det bedre. Vi tror sterkt p\u00e5 at samarbeid skaper st\u00f8rre muligheter, flere opplevelser og bedre st\u00f8tte rundt barna. Sammen gj\u00f8r vi en&hellip;<\/p>","protected":false},"author":1,"featured_media":0,"parent":0,"menu_order":0,"comment_status":"closed","ping_status":"closed","template":"","meta":{"_acf_changed":false,"footnotes":""},"class_list":["post-45","page","type-page","status-publish","hentry"],"acf":[],"yoast_head":"<!-- This site is optimized with the Yoast SEO plugin v27.1.1 - https:\/\/yoast.com\/product\/yoast-seo-wordpress\/ -->\n<title>Samarbeid - paahjulmotmobbing.nb.hcweb.dev<\/title>\n<meta name=\"robots\" content=\"noindex, follow, max-snippet:-1, max-image-preview:large, max-video-preview:-1\" \/>\n<meta property=\"og:locale\" content=\"en_US\" \/>\n<meta property=\"og:type\" content=\"article\" \/>\n<meta property=\"og:title\" content=\"Samarbeid - paahjulmotmobbing.nb.hcweb.dev\" \/>\n<meta property=\"og:description\" content=\"Sammerbeid P\u00e5 Hjul Mot Mobbing samarbeider gjerne med andre organisasjoner, lag, foreninger og akt\u00f8rer som jobber for et felles m\u00e5l: \u00e5 bidra til at barn og unge som har det vanskelig kan f\u00e5 det bedre. Vi tror sterkt p\u00e5 at samarbeid skaper st\u00f8rre muligheter, flere opplevelser og bedre st\u00f8tte rundt barna. Sammen gj\u00f8r vi en&hellip;\" \/>\n<meta property=\"og:url\" content=\"https:\/\/paahjulmotmobbing.wp1.hcweb.dev\/en\/samarbeid\/\" \/>\n<meta property=\"og:site_name\" content=\"paahjulmotmobbing.nb.hcweb.dev\" \/>\n<meta property=\"article:modified_time\" content=\"2026-03-09T11:30:52+00:00\" \/>\n<meta property=\"og:image\" content=\"https:\/\/paahjulmotmobbing.wp1.hcweb.dev\/wp-content\/uploads\/2026\/01\/Vector-7.svg\" \/>\n<meta name=\"twitter:card\" content=\"summary_large_image\" \/>\n<meta name=\"twitter:label1\" content=\"Est. reading time\" \/>\n\t<meta name=\"twitter:data1\" content=\"2 minutes\" \/>\n<script type=\"application\/ld+json\" class=\"yoast-schema-graph\">{\"@context\":\"https:\/\/schema.org\",\"@graph\":[{\"@type\":\"WebPage\",\"@id\":\"https:\/\/paahjulmotmobbing.wp1.hcweb.dev\/en\/samarbeid\/\",\"url\":\"https:\/\/paahjulmotmobbing.wp1.hcweb.dev\/en\/samarbeid\/\",\"name\":\"Samarbeid - paahjulmotmobbing.nb.hcweb.dev\",\"isPartOf\":{\"@id\":\"https:\/\/paahjulmotmobbing.wp1.hcweb.dev\/en\/#website\"},\"primaryImageOfPage\":{\"@id\":\"https:\/\/paahjulmotmobbing.wp1.hcweb.dev\/en\/samarbeid\/#primaryimage\"},\"image\":{\"@id\":\"https:\/\/paahjulmotmobbing.wp1.hcweb.dev\/en\/samarbeid\/#primaryimage\"},\"thumbnailUrl\":\"https:\/\/paahjulmotmobbing.wp1.hcweb.dev\/wp-content\/uploads\/2026\/01\/Vector-7.svg\",\"datePublished\":\"2026-01-13T12:39:58+00:00\",\"dateModified\":\"2026-03-09T11:30:52+00:00\",\"breadcrumb\":{\"@id\":\"https:\/\/paahjulmotmobbing.wp1.hcweb.dev\/en\/samarbeid\/#breadcrumb\"},\"inLanguage\":\"en-US\",\"potentialAction\":[{\"@type\":\"ReadAction\",\"target\":[\"https:\/\/paahjulmotmobbing.wp1.hcweb.dev\/en\/samarbeid\/\"]}]},{\"@type\":\"ImageObject\",\"inLanguage\":\"en-US\",\"@id\":\"https:\/\/paahjulmotmobbing.wp1.hcweb.dev\/en\/samarbeid\/#primaryimage\",\"url\":\"https:\/\/paahjulmotmobbing.wp1.hcweb.dev\/wp-content\/uploads\/2026\/01\/Vector-7.svg\",\"contentUrl\":\"https:\/\/paahjulmotmobbing.wp1.hcweb.dev\/wp-content\/uploads\/2026\/01\/Vector-7.svg\"},{\"@type\":\"BreadcrumbList\",\"@id\":\"https:\/\/paahjulmotmobbing.wp1.hcweb.dev\/en\/samarbeid\/#breadcrumb\",\"itemListElement\":[{\"@type\":\"ListItem\",\"position\":1,\"name\":\"Home\",\"item\":\"https:\/\/paahjulmotmobbing.wp1.hcweb.dev\/en\/\"},{\"@type\":\"ListItem\",\"position\":2,\"name\":\"Samarbeid\"}]},{\"@type\":\"WebSite\",\"@id\":\"https:\/\/paahjulmotmobbing.wp1.hcweb.dev\/en\/#website\",\"url\":\"https:\/\/paahjulmotmobbing.wp1.hcweb.dev\/en\/\",\"name\":\"paahjulmotmobbing.nb.hcweb.dev\",\"description\":\"\",\"potentialAction\":[{\"@type\":\"SearchAction\",\"target\":{\"@type\":\"EntryPoint\",\"urlTemplate\":\"https:\/\/paahjulmotmobbing.wp1.hcweb.dev\/en\/?s={search_term_string}\"},\"query-input\":{\"@type\":\"PropertyValueSpecification\",\"valueRequired\":true,\"valueName\":\"search_term_string\"}}],\"inLanguage\":\"en-US\"}]}<\/script>\n<!-- \/ Yoast SEO plugin. -->","yoast_head_json":{"title":"Samarbeid - paahjulmotmobbing.nb.hcweb.dev","robots":{"index":"noindex","follow":"follow","max-snippet":"max-snippet:-1","max-image-preview":"max-image-preview:large","max-video-preview":"max-video-preview:-1"},"og_locale":"en_US","og_type":"article","og_title":"Samarbeid - paahjulmotmobbing.nb.hcweb.dev","og_description":"Sammerbeid P\u00e5 Hjul Mot Mobbing samarbeider gjerne med andre organisasjoner, lag, foreninger og akt\u00f8rer som jobber for et felles m\u00e5l: \u00e5 bidra til at barn og unge som har det vanskelig kan f\u00e5 det bedre. Vi tror sterkt p\u00e5 at samarbeid skaper st\u00f8rre muligheter, flere opplevelser og bedre st\u00f8tte rundt barna. Sammen gj\u00f8r vi en&hellip;","og_url":"https:\/\/paahjulmotmobbing.wp1.hcweb.dev\/en\/samarbeid\/","og_site_name":"paahjulmotmobbing.nb.hcweb.dev","article_modified_time":"2026-03-09T11:30:52+00:00","og_image":[{"url":"https:\/\/paahjulmotmobbing.wp1.hcweb.dev\/wp-content\/uploads\/2026\/01\/Vector-7.svg","type":"","width":"","height":""}],"twitter_card":"summary_large_image","twitter_misc":{"Est. reading time":"2 minutes"},"schema":{"@context":"https:\/\/schema.org","@graph":[{"@type":"WebPage","@id":"https:\/\/paahjulmotmobbing.wp1.hcweb.dev\/en\/samarbeid\/","url":"https:\/\/paahjulmotmobbing.wp1.hcweb.dev\/en\/samarbeid\/","name":"Samarbeid - paahjulmotmobbing.nb.hcweb.dev","isPartOf":{"@id":"https:\/\/paahjulmotmobbing.wp1.hcweb.dev\/en\/#website"},"primaryImageOfPage":{"@id":"https:\/\/paahjulmotmobbing.wp1.hcweb.dev\/en\/samarbeid\/#primaryimage"},"image":{"@id":"https:\/\/paahjulmotmobbing.wp1.hcweb.dev\/en\/samarbeid\/#primaryimage"},"thumbnailUrl":"https:\/\/paahjulmotmobbing.wp1.hcweb.dev\/wp-content\/uploads\/2026\/01\/Vector-7.svg","datePublished":"2026-01-13T12:39:58+00:00","dateModified":"2026-03-09T11:30:52+00:00","breadcrumb":{"@id":"https:\/\/paahjulmotmobbing.wp1.hcweb.dev\/en\/samarbeid\/#breadcrumb"},"inLanguage":"en-US","potentialAction":[{"@type":"ReadAction","target":["https:\/\/paahjulmotmobbing.wp1.hcweb.dev\/en\/samarbeid\/"]}]},{"@type":"ImageObject","inLanguage":"en-US","@id":"https:\/\/paahjulmotmobbing.wp1.hcweb.dev\/en\/samarbeid\/#primaryimage","url":"https:\/\/paahjulmotmobbing.wp1.hcweb.dev\/wp-content\/uploads\/2026\/01\/Vector-7.svg","contentUrl":"https:\/\/paahjulmotmobbing.wp1.hcweb.dev\/wp-content\/uploads\/2026\/01\/Vector-7.svg"},{"@type":"BreadcrumbList","@id":"https:\/\/paahjulmotmobbing.wp1.hcweb.dev\/en\/samarbeid\/#breadcrumb","itemListElement":[{"@type":"ListItem","position":1,"name":"Home","item":"https:\/\/paahjulmotmobbing.wp1.hcweb.dev\/en\/"},{"@type":"ListItem","position":2,"name":"Samarbeid"}]},{"@type":"WebSite","@id":"https:\/\/paahjulmotmobbing.wp1.hcweb.dev\/en\/#website","url":"https:\/\/paahjulmotmobbing.wp1.hcweb.dev\/en\/","name":"paahjulmotmobbing.nb.hcweb.dev","description":"","potentialAction":[{"@type":"SearchAction","target":{"@type":"EntryPoint","urlTemplate":"https:\/\/paahjulmotmobbing.wp1.hcweb.dev\/en\/?s={search_term_string}"},"query-input":{"@type":"PropertyValueSpecification","valueRequired":true,"valueName":"search_term_string"}}],"inLanguage":"en-US"}]}},"_links":{"self":[{"href":"https:\/\/paahjulmotmobbing.wp1.hcweb.dev\/en\/wp-json\/wp\/v2\/pages\/45","targetHints":{"allow":["GET"]}}],"collection":[{"href":"https:\/\/paahjulmotmobbing.wp1.hcweb.dev\/en\/wp-json\/wp\/v2\/pages"}],"about":[{"href":"https:\/\/paahjulmotmobbing.wp1.hcweb.dev\/en\/wp-json\/wp\/v2\/types\/page"}],"author":[{"embeddable":true,"href":"https:\/\/paahjulmotmobbing.wp1.hcweb.dev\/en\/wp-json\/wp\/v2\/users\/1"}],"replies":[{"embeddable":true,"href":"https:\/\/paahjulmotmobbing.wp1.hcweb.dev\/en\/wp-json\/wp\/v2\/comments?post=45"}],"version-history":[{"count":8,"href":"https:\/\/paahjulmotmobbing.wp1.hcweb.dev\/en\/wp-json\/wp\/v2\/pages\/45\/revisions"}],"predecessor-version":[{"id":397,"href":"https:\/\/paahjulmotmobbing.wp1.hcweb.dev\/en\/wp-json\/wp\/v2\/pages\/45\/revisions\/397"}],"wp:attachment":[{"href":"https:\/\/paahjulmotmobbing.wp1.hcweb.dev\/en\/wp-json\/wp\/v2\/media?parent=45"}],"curies":[{"name":"wp","href":"https:\/\/api.w.org\/{rel}","templated":true}]}}