{"id":43,"date":"2026-01-13T13:39:49","date_gmt":"2026-01-13T12:39:49","guid":{"rendered":"https:\/\/paahjulmotmobbing.wp1.hcweb.dev\/?page_id=43"},"modified":"2026-03-09T12:35:08","modified_gmt":"2026-03-09T11:35:08","slug":"bli-sponsor","status":"publish","type":"page","link":"https:\/\/paahjulmotmobbing.wp1.hcweb.dev\/en\/bli-sponsor\/","title":{"rendered":"Become a sponsor"},"content":{"rendered":"\n<h1>\n\t\t\tVil du bli sponsor?\t<\/h1>\n<h3>\n\t\t\tHar du eller ditt firma lyst til \u00e5 bidra? Vi er en frivillig organisasjon som er avhengig av gode st\u00f8ttespillere for at tjenesten skal v\u00e6re tilgjengelig og gratis for ALLE barn som har behov for det.\t<\/h3>\n<figure itemscope itemtype=\"https:\/\/schema.org\/ImageObject\">\n\t\t\t\t<img decoding=\"async\" src=\"https:\/\/paahjulmotmobbing.wp1.hcweb.dev\/wp-content\/uploads\/2026\/01\/Vector-7.svg\" alt=\"Vector 7\" title=\"Vector 7\" onerror=\"this.style.display='none'\" loading=\"lazy\" \/>\n\t<\/figure>\n<h3>\n\t\t\tTakk for at du vil st\u00f8tte oss!\t<\/h3>\n<h4>\n\t\t\tLorem ipsum dolor sit amet consectetur. Est tristique purus bibendum volutpat mi interdum tincidunt tellus quisque. Neque leo nulla iaculis pellentesque turpis. \t<\/h4>\n<h3>\n\t\t\tTing du som sponsor kan bidra med\t<\/h3>\n\t\t\t Lorem ipsum dolor sit amet consectetur. Est tristique purus bibendum volutpat mi interdum tincidunt tellus quisque.\t\t\n\t\t\t Lorem ipsum dolor sit amet consectetur. Est tristique purus bibendum volutpat mi interdum tincidunt tellus quisque.\t\t\n\t\t\t Lorem ipsum dolor sit amet consectetur. Est tristique purus bibendum volutpat mi interdum tincidunt tellus quisque.\t\t\n\t\t\t Lorem ipsum dolor sit amet consectetur. Est tristique purus bibendum volutpat mi interdum tincidunt tellus quisque.\t\t\n\t\t\t<h3>Send inn s\u00f8knadskjema<\/h3>\n    <style id=\"wpforms-css-vars-139\">\n\t\t\t\t#wpforms-139 {\n\t\t\t\t--wpforms-field-size-input-height: 43px;\n--wpforms-field-size-input-spacing: 15px;\n--wpforms-field-size-font-size: 16px;\n--wpforms-field-size-line-height: 19px;\n--wpforms-field-size-padding-h: 14px;\n--wpforms-field-size-checkbox-size: 16px;\n--wpforms-field-size-sublabel-spacing: 5px;\n--wpforms-field-size-icon-size: 1;\n--wpforms-label-size-font-size: 16px;\n--wpforms-label-size-line-height: 19px;\n--wpforms-label-size-sublabel-font-size: 14px;\n--wpforms-label-size-sublabel-line-height: 17px;\n--wpforms-button-size-font-size: 17px;\n--wpforms-button-size-height: 41px;\n--wpforms-button-size-padding-h: 15px;\n--wpforms-button-size-margin-top: 10px;\n--wpforms-container-shadow-size-box-shadow: none;\n\t\t\t}\n\t\t\t<\/style><form id=\"wpforms-form-139\" data-formid=\"139\" method=\"post\" enctype=\"multipart\/form-data\" action=\"\/?page_id=43&#038;fl_builder&#038;wpforms_form_id=139\" data-token=\"492fa7a8c9076e04f9c3ab08b78a2695\" data-token-time=\"1773056108\">Send foresp\u00f8rselPlease enable JavaScript in your browser to complete this form.Please enable JavaScript in your browser to complete this form.<label for=\"wpforms-139-field_1\">Navn *<\/label><input type=\"text\" id=\"wpforms-139-field_1\" name=\"wpforms[fields][1]\" aria-errormessage=\"wpforms-139-field_1-error\" required\/><label for=\"wpforms-139-field_2\">Email *<\/label><input type=\"email\" id=\"wpforms-139-field_2\" name=\"wpforms[fields][2]\" spellcheck=\"false\" aria-errormessage=\"wpforms-139-field_2-error\" required\/><label for=\"wpforms-139-field_3\">Telefon *<\/label><input type=\"tel\" id=\"wpforms-139-field_3\" data-rule-int-phone-field=\"true\" name=\"wpforms[fields][3]\" aria-label=\"Telefon\" aria-errormessage=\"wpforms-139-field_3-error\" required\/><label for=\"wpforms-139-field_6\">Beskrivelse<\/label><textarea id=\"wpforms-139-field_6\" name=\"wpforms[fields][6]\" aria-errormessage=\"wpforms-139-field_6-error\"><\/textarea><label for=\"wpforms-139-field_7\">Last opp CV<\/label>\n\t\t\t\t\t\t\tDrag &amp; Drop Files, \t\t\t\tChoose Files to Upload\n\t\t\t\t\tYou can upload up to 2 files.\n<input type=\"text\"\n\t\tautocomplete=\"off\"\n\t\treadonly\n\t\tclass=\"dropzone-input\"\n\t\tstyle=\"position:absolute!important;clip:rect(0,0,0,0)!important;height:1px!important;width:1px!important;border:0!important;overflow:hidden!important;padding:0!important;margin:0!important;\"\n\t\tid=\"wpforms-139-field_7\"\n\t\tname=\"wpforms_139_7\" \t\tvalue=\"\"\/>\n<!-- .wpforms-field-container --><input type=\"hidden\" name=\"wpforms[id]\" value=\"139\"\/>\t\t\t<input type=\"hidden\"\n\t\t\t\tname=\"wpforms[nonce]\"\n\t\t\t\tvalue=\"e1369b7673\"\n\t\t\t\/>\n\t\t\t<input type=\"hidden\" name=\"page_title\" value=\"Bli sponsor\"\/><input type=\"hidden\" name=\"page_url\" value=\"https:\/\/paahjulmotmobbing.wp1.hcweb.dev\/?page_id=43&#038;fl_builder\"\/><input type=\"hidden\" name=\"url_referer\" value=\"\"\/><input type=\"hidden\" name=\"page_id\" value=\"43\"\/><input type=\"hidden\" name=\"wpforms[post_id]\" value=\"43\"\/><button type=\"submit\" name=\"wpforms[submit]\" id=\"wpforms-submit-139\" data-alt-text=\"Sender...\" data-submit-text=\"Send foresp\u00f8rsel\" aria-live=\"assertive\" value=\"wpforms-submit\">Send foresp\u00f8rsel<\/button><img loading=\"lazy\" decoding=\"async\" src=\"https:\/\/paahjulmotmobbing.wp1.hcweb.dev\/wp-content\/plugins\/wpforms\/assets\/images\/submit-spin.svg\" width=\"26\" height=\"26\" alt=\"Loading\"\/><\/form>  <!-- .wpforms-container -->\n\n","protected":false},"excerpt":{"rendered":"<p>Vil du bli sponsor? Har du eller ditt firma lyst til \u00e5 bidra? Vi er en frivillig organisasjon som er avhengig av gode st\u00f8ttespillere for at tjenesten skal v\u00e6re tilgjengelig og gratis for ALLE barn som har behov for det. Takk for at du vil st\u00f8tte oss! Lorem ipsum dolor sit amet consectetur. Est tristique&hellip;<\/p>","protected":false},"author":1,"featured_media":0,"parent":0,"menu_order":0,"comment_status":"closed","ping_status":"closed","template":"","meta":{"_acf_changed":false,"footnotes":""},"class_list":["post-43","page","type-page","status-publish","hentry"],"acf":[],"yoast_head":"<!-- This site is optimized with the Yoast SEO plugin v27.1.1 - https:\/\/yoast.com\/product\/yoast-seo-wordpress\/ -->\n<title>Bli sponsor - paahjulmotmobbing.nb.hcweb.dev<\/title>\n<meta name=\"robots\" content=\"noindex, follow, max-snippet:-1, max-image-preview:large, max-video-preview:-1\" \/>\n<meta property=\"og:locale\" content=\"en_US\" \/>\n<meta property=\"og:type\" content=\"article\" \/>\n<meta property=\"og:title\" content=\"Bli sponsor - paahjulmotmobbing.nb.hcweb.dev\" \/>\n<meta property=\"og:description\" content=\"Vil du bli sponsor? Har du eller ditt firma lyst til \u00e5 bidra? Vi er en frivillig organisasjon som er avhengig av gode st\u00f8ttespillere for at tjenesten skal v\u00e6re tilgjengelig og gratis for ALLE barn som har behov for det. Takk for at du vil st\u00f8tte oss! Lorem ipsum dolor sit amet consectetur. Est tristique&hellip;\" \/>\n<meta property=\"og:url\" content=\"https:\/\/paahjulmotmobbing.wp1.hcweb.dev\/en\/bli-sponsor\/\" \/>\n<meta property=\"og:site_name\" content=\"paahjulmotmobbing.nb.hcweb.dev\" \/>\n<meta property=\"article:modified_time\" content=\"2026-03-09T11:35:08+00:00\" \/>\n<meta property=\"og:image\" content=\"https:\/\/paahjulmotmobbing.wp1.hcweb.dev\/wp-content\/uploads\/2026\/01\/Vector-7.svg\" \/>\n<meta name=\"twitter:card\" content=\"summary_large_image\" \/>\n<script type=\"application\/ld+json\" class=\"yoast-schema-graph\">{\"@context\":\"https:\/\/schema.org\",\"@graph\":[{\"@type\":\"WebPage\",\"@id\":\"https:\/\/paahjulmotmobbing.wp1.hcweb.dev\/en\/bli-sponsor\/\",\"url\":\"https:\/\/paahjulmotmobbing.wp1.hcweb.dev\/en\/bli-sponsor\/\",\"name\":\"Bli sponsor - paahjulmotmobbing.nb.hcweb.dev\",\"isPartOf\":{\"@id\":\"https:\/\/paahjulmotmobbing.wp1.hcweb.dev\/en\/#website\"},\"primaryImageOfPage\":{\"@id\":\"https:\/\/paahjulmotmobbing.wp1.hcweb.dev\/en\/bli-sponsor\/#primaryimage\"},\"image\":{\"@id\":\"https:\/\/paahjulmotmobbing.wp1.hcweb.dev\/en\/bli-sponsor\/#primaryimage\"},\"thumbnailUrl\":\"https:\/\/paahjulmotmobbing.wp1.hcweb.dev\/wp-content\/uploads\/2026\/01\/Vector-7.svg\",\"datePublished\":\"2026-01-13T12:39:49+00:00\",\"dateModified\":\"2026-03-09T11:35:08+00:00\",\"breadcrumb\":{\"@id\":\"https:\/\/paahjulmotmobbing.wp1.hcweb.dev\/en\/bli-sponsor\/#breadcrumb\"},\"inLanguage\":\"en-US\",\"potentialAction\":[{\"@type\":\"ReadAction\",\"target\":[\"https:\/\/paahjulmotmobbing.wp1.hcweb.dev\/en\/bli-sponsor\/\"]}]},{\"@type\":\"ImageObject\",\"inLanguage\":\"en-US\",\"@id\":\"https:\/\/paahjulmotmobbing.wp1.hcweb.dev\/en\/bli-sponsor\/#primaryimage\",\"url\":\"https:\/\/paahjulmotmobbing.wp1.hcweb.dev\/wp-content\/uploads\/2026\/01\/Vector-7.svg\",\"contentUrl\":\"https:\/\/paahjulmotmobbing.wp1.hcweb.dev\/wp-content\/uploads\/2026\/01\/Vector-7.svg\"},{\"@type\":\"BreadcrumbList\",\"@id\":\"https:\/\/paahjulmotmobbing.wp1.hcweb.dev\/en\/bli-sponsor\/#breadcrumb\",\"itemListElement\":[{\"@type\":\"ListItem\",\"position\":1,\"name\":\"Home\",\"item\":\"https:\/\/paahjulmotmobbing.wp1.hcweb.dev\/en\/\"},{\"@type\":\"ListItem\",\"position\":2,\"name\":\"Bli sponsor\"}]},{\"@type\":\"WebSite\",\"@id\":\"https:\/\/paahjulmotmobbing.wp1.hcweb.dev\/en\/#website\",\"url\":\"https:\/\/paahjulmotmobbing.wp1.hcweb.dev\/en\/\",\"name\":\"paahjulmotmobbing.nb.hcweb.dev\",\"description\":\"\",\"potentialAction\":[{\"@type\":\"SearchAction\",\"target\":{\"@type\":\"EntryPoint\",\"urlTemplate\":\"https:\/\/paahjulmotmobbing.wp1.hcweb.dev\/en\/?s={search_term_string}\"},\"query-input\":{\"@type\":\"PropertyValueSpecification\",\"valueRequired\":true,\"valueName\":\"search_term_string\"}}],\"inLanguage\":\"en-US\"}]}<\/script>\n<!-- \/ Yoast SEO plugin. -->","yoast_head_json":{"title":"Bli sponsor - paahjulmotmobbing.nb.hcweb.dev","robots":{"index":"noindex","follow":"follow","max-snippet":"max-snippet:-1","max-image-preview":"max-image-preview:large","max-video-preview":"max-video-preview:-1"},"og_locale":"en_US","og_type":"article","og_title":"Bli sponsor - paahjulmotmobbing.nb.hcweb.dev","og_description":"Vil du bli sponsor? Har du eller ditt firma lyst til \u00e5 bidra? Vi er en frivillig organisasjon som er avhengig av gode st\u00f8ttespillere for at tjenesten skal v\u00e6re tilgjengelig og gratis for ALLE barn som har behov for det. Takk for at du vil st\u00f8tte oss! Lorem ipsum dolor sit amet consectetur. Est tristique&hellip;","og_url":"https:\/\/paahjulmotmobbing.wp1.hcweb.dev\/en\/bli-sponsor\/","og_site_name":"paahjulmotmobbing.nb.hcweb.dev","article_modified_time":"2026-03-09T11:35:08+00:00","og_image":[{"url":"https:\/\/paahjulmotmobbing.wp1.hcweb.dev\/wp-content\/uploads\/2026\/01\/Vector-7.svg","type":"","width":"","height":""}],"twitter_card":"summary_large_image","schema":{"@context":"https:\/\/schema.org","@graph":[{"@type":"WebPage","@id":"https:\/\/paahjulmotmobbing.wp1.hcweb.dev\/en\/bli-sponsor\/","url":"https:\/\/paahjulmotmobbing.wp1.hcweb.dev\/en\/bli-sponsor\/","name":"Bli sponsor - paahjulmotmobbing.nb.hcweb.dev","isPartOf":{"@id":"https:\/\/paahjulmotmobbing.wp1.hcweb.dev\/en\/#website"},"primaryImageOfPage":{"@id":"https:\/\/paahjulmotmobbing.wp1.hcweb.dev\/en\/bli-sponsor\/#primaryimage"},"image":{"@id":"https:\/\/paahjulmotmobbing.wp1.hcweb.dev\/en\/bli-sponsor\/#primaryimage"},"thumbnailUrl":"https:\/\/paahjulmotmobbing.wp1.hcweb.dev\/wp-content\/uploads\/2026\/01\/Vector-7.svg","datePublished":"2026-01-13T12:39:49+00:00","dateModified":"2026-03-09T11:35:08+00:00","breadcrumb":{"@id":"https:\/\/paahjulmotmobbing.wp1.hcweb.dev\/en\/bli-sponsor\/#breadcrumb"},"inLanguage":"en-US","potentialAction":[{"@type":"ReadAction","target":["https:\/\/paahjulmotmobbing.wp1.hcweb.dev\/en\/bli-sponsor\/"]}]},{"@type":"ImageObject","inLanguage":"en-US","@id":"https:\/\/paahjulmotmobbing.wp1.hcweb.dev\/en\/bli-sponsor\/#primaryimage","url":"https:\/\/paahjulmotmobbing.wp1.hcweb.dev\/wp-content\/uploads\/2026\/01\/Vector-7.svg","contentUrl":"https:\/\/paahjulmotmobbing.wp1.hcweb.dev\/wp-content\/uploads\/2026\/01\/Vector-7.svg"},{"@type":"BreadcrumbList","@id":"https:\/\/paahjulmotmobbing.wp1.hcweb.dev\/en\/bli-sponsor\/#breadcrumb","itemListElement":[{"@type":"ListItem","position":1,"name":"Home","item":"https:\/\/paahjulmotmobbing.wp1.hcweb.dev\/en\/"},{"@type":"ListItem","position":2,"name":"Bli sponsor"}]},{"@type":"WebSite","@id":"https:\/\/paahjulmotmobbing.wp1.hcweb.dev\/en\/#website","url":"https:\/\/paahjulmotmobbing.wp1.hcweb.dev\/en\/","name":"paahjulmotmobbing.nb.hcweb.dev","description":"","potentialAction":[{"@type":"SearchAction","target":{"@type":"EntryPoint","urlTemplate":"https:\/\/paahjulmotmobbing.wp1.hcweb.dev\/en\/?s={search_term_string}"},"query-input":{"@type":"PropertyValueSpecification","valueRequired":true,"valueName":"search_term_string"}}],"inLanguage":"en-US"}]}},"_links":{"self":[{"href":"https:\/\/paahjulmotmobbing.wp1.hcweb.dev\/en\/wp-json\/wp\/v2\/pages\/43","targetHints":{"allow":["GET"]}}],"collection":[{"href":"https:\/\/paahjulmotmobbing.wp1.hcweb.dev\/en\/wp-json\/wp\/v2\/pages"}],"about":[{"href":"https:\/\/paahjulmotmobbing.wp1.hcweb.dev\/en\/wp-json\/wp\/v2\/types\/page"}],"author":[{"embeddable":true,"href":"https:\/\/paahjulmotmobbing.wp1.hcweb.dev\/en\/wp-json\/wp\/v2\/users\/1"}],"replies":[{"embeddable":true,"href":"https:\/\/paahjulmotmobbing.wp1.hcweb.dev\/en\/wp-json\/wp\/v2\/comments?post=43"}],"version-history":[{"count":6,"href":"https:\/\/paahjulmotmobbing.wp1.hcweb.dev\/en\/wp-json\/wp\/v2\/pages\/43\/revisions"}],"predecessor-version":[{"id":398,"href":"https:\/\/paahjulmotmobbing.wp1.hcweb.dev\/en\/wp-json\/wp\/v2\/pages\/43\/revisions\/398"}],"wp:attachment":[{"href":"https:\/\/paahjulmotmobbing.wp1.hcweb.dev\/en\/wp-json\/wp\/v2\/media?parent=43"}],"curies":[{"name":"wp","href":"https:\/\/api.w.org\/{rel}","templated":true}]}}