{"id":41,"date":"2026-01-13T13:39:39","date_gmt":"2026-01-13T12:39:39","guid":{"rendered":"https:\/\/paahjulmotmobbing.wp1.hcweb.dev\/?page_id=41"},"modified":"2026-03-09T12:37:13","modified_gmt":"2026-03-09T11:37:13","slug":"bli-frivillig","status":"publish","type":"page","link":"https:\/\/paahjulmotmobbing.wp1.hcweb.dev\/en\/bli-frivillig\/","title":{"rendered":"Become a volunteer"},"content":{"rendered":"\n<h1>\n\t\t\tVil du bli frivillig?\t<\/h1>\n<h3>\n\t\t\tAlle som \u00f8nsker \u00e5 bidra til noe positivt for barn og unge kan bli frivillig hos oss.\t<\/h3>\n\t<p>Vi holder til i Rogaland, og s\u00f8ker mennesker med et godt hjerte, trygg framferd og et \u00f8nske om \u00e5 gj\u00f8re en forskjell. Du trenger ikke spesielle forkunnskaper, det viktigste er engasjementet ditt.<\/p>\n<h4>\n\t\t\tHva du kan bidra med\t<\/h4>\n\t<p>Vi har plass til ulike typer frivillige, blant annet sj\u00e5f\u00f8rer, hjelpere p\u00e5 arrangementer og praktisk st\u00f8tte i lokalet.<\/p>\n<h4>\n\t\t\tKrav til sj\u00e5f\u00f8rer\t<\/h4>\n\t<p>For alle v\u00e5re sj\u00e5f\u00f8rer stiller vi krav om gyldig f\u00f8rerkort og ren vandel, slik at vi kan ivareta tryggheten til barna og familiene vi m\u00f8ter.<\/p>\n\t\t\t<h3>\u00d8nsker du \u00e5 bli frivillig? Send inn s\u00f8knad her<\/h3>\n    <style id=\"wpforms-css-vars-139\">\n\t\t\t\t#wpforms-139 {\n\t\t\t\t--wpforms-field-size-input-height: 43px;\n--wpforms-field-size-input-spacing: 15px;\n--wpforms-field-size-font-size: 16px;\n--wpforms-field-size-line-height: 19px;\n--wpforms-field-size-padding-h: 14px;\n--wpforms-field-size-checkbox-size: 16px;\n--wpforms-field-size-sublabel-spacing: 5px;\n--wpforms-field-size-icon-size: 1;\n--wpforms-label-size-font-size: 16px;\n--wpforms-label-size-line-height: 19px;\n--wpforms-label-size-sublabel-font-size: 14px;\n--wpforms-label-size-sublabel-line-height: 17px;\n--wpforms-button-size-font-size: 17px;\n--wpforms-button-size-height: 41px;\n--wpforms-button-size-padding-h: 15px;\n--wpforms-button-size-margin-top: 10px;\n--wpforms-container-shadow-size-box-shadow: none;\n\t\t\t}\n\t\t\t<\/style><form id=\"wpforms-form-139\" data-formid=\"139\" method=\"post\" enctype=\"multipart\/form-data\" action=\"\/?page_id=41&#038;fl_builder&#038;wpforms_form_id=139\" data-token=\"492fa7a8c9076e04f9c3ab08b78a2695\" data-token-time=\"1773056233\">Send foresp\u00f8rselPlease enable JavaScript in your browser to complete this form.Please enable JavaScript in your browser to complete this form.<label for=\"wpforms-139-field_1\">Navn *<\/label><input type=\"text\" id=\"wpforms-139-field_1\" name=\"wpforms[fields][1]\" aria-errormessage=\"wpforms-139-field_1-error\" required\/><label for=\"wpforms-139-field_2\">Email *<\/label><input type=\"email\" id=\"wpforms-139-field_2\" name=\"wpforms[fields][2]\" spellcheck=\"false\" aria-errormessage=\"wpforms-139-field_2-error\" required\/><label for=\"wpforms-139-field_3\">Telefon *<\/label><input type=\"tel\" id=\"wpforms-139-field_3\" data-rule-int-phone-field=\"true\" name=\"wpforms[fields][3]\" aria-label=\"Telefon\" aria-errormessage=\"wpforms-139-field_3-error\" required\/><label for=\"wpforms-139-field_6\">Beskrivelse<\/label><textarea id=\"wpforms-139-field_6\" name=\"wpforms[fields][6]\" aria-errormessage=\"wpforms-139-field_6-error\"><\/textarea><label for=\"wpforms-139-field_7\">Last opp CV<\/label>\n\t\t\t\t\t\t\tDrag &amp; Drop Files, \t\t\t\tChoose Files to Upload\n\t\t\t\t\tYou can upload up to 2 files.\n<input type=\"text\"\n\t\tautocomplete=\"off\"\n\t\treadonly\n\t\tclass=\"dropzone-input\"\n\t\tstyle=\"position:absolute!important;clip:rect(0,0,0,0)!important;height:1px!important;width:1px!important;border:0!important;overflow:hidden!important;padding:0!important;margin:0!important;\"\n\t\tid=\"wpforms-139-field_7\"\n\t\tname=\"wpforms_139_7\" \t\tvalue=\"\"\/>\n<!-- .wpforms-field-container --><input type=\"hidden\" name=\"wpforms[id]\" value=\"139\"\/>\t\t\t<input type=\"hidden\"\n\t\t\t\tname=\"wpforms[nonce]\"\n\t\t\t\tvalue=\"e1369b7673\"\n\t\t\t\/>\n\t\t\t<input type=\"hidden\" name=\"page_title\" value=\"Bli frivillig\"\/><input type=\"hidden\" name=\"page_url\" value=\"https:\/\/paahjulmotmobbing.wp1.hcweb.dev\/?page_id=41&#038;fl_builder\"\/><input type=\"hidden\" name=\"url_referer\" value=\"\"\/><input type=\"hidden\" name=\"page_id\" value=\"41\"\/><input type=\"hidden\" name=\"wpforms[post_id]\" value=\"41\"\/><button type=\"submit\" name=\"wpforms[submit]\" id=\"wpforms-submit-139\" data-alt-text=\"Sender...\" data-submit-text=\"Send foresp\u00f8rsel\" aria-live=\"assertive\" value=\"wpforms-submit\">Send foresp\u00f8rsel<\/button><img loading=\"lazy\" decoding=\"async\" src=\"https:\/\/paahjulmotmobbing.wp1.hcweb.dev\/wp-content\/plugins\/wpforms\/assets\/images\/submit-spin.svg\" width=\"26\" height=\"26\" alt=\"Loading\"\/><\/form>  <!-- .wpforms-container -->\n\t\t\t\t\t\t<img decoding=\"async\" src=\"https:\/\/paahjulmotmobbing.wp1.hcweb.dev\/wp-content\/uploads\/2026\/01\/bideco-gra.webp\" alt=\"https:\/\/paahjulmotmobbing.wp1.hcweb.dev\/wp-content\/uploads\/2026\/01\/bideco-gra.webp\" data-no-lazy=\"1\" \/>\t\t\t\t\t\n\t\t\t\t\t\t<img decoding=\"async\" src=\"https:\/\/paahjulmotmobbing.wp1.hcweb.dev\/wp-content\/uploads\/2026\/01\/ad727c_52268b9caf7c4412b17c7b2e5423a0f5mv2.avif\" alt=\"https:\/\/paahjulmotmobbing.wp1.hcweb.dev\/wp-content\/uploads\/2026\/01\/ad727c_52268b9caf7c4412b17c7b2e5423a0f5mv2.avif\" data-no-lazy=\"1\" \/>\t\t\t\t\t\n        \t<a href=\"https:\/\/www.norsk-tipping.no\/grasrotandelen\/finn-mottaker\/browse?query=P%C3%A5+Hjul+Mot+Mobbing\" target=\"_blank\" rel=\"nofollow noopener\">            \n\t\t\t\t\t\t<img decoding=\"async\" src=\"https:\/\/paahjulmotmobbing.wp1.hcweb.dev\/wp-content\/uploads\/2026\/02\/grasrotandelen-scaled.png\" alt=\"https:\/\/paahjulmotmobbing.wp1.hcweb.dev\/wp-content\/uploads\/2026\/02\/grasrotandelen-scaled.png\" data-no-lazy=\"1\" \/>\t\t\t\t\t\n            <\/a>\t\t\n\n","protected":false},"excerpt":{"rendered":"<p>Vil du bli frivillig? Alle som \u00f8nsker \u00e5 bidra til noe positivt for barn og unge kan bli frivillig hos oss. Vi holder til i Rogaland, og s\u00f8ker mennesker med et godt hjerte, trygg framferd og et \u00f8nske om \u00e5 gj\u00f8re en forskjell. Du trenger ikke spesielle forkunnskaper, det viktigste er engasjementet ditt. Hva du&hellip;<\/p>","protected":false},"author":1,"featured_media":0,"parent":0,"menu_order":0,"comment_status":"closed","ping_status":"closed","template":"","meta":{"_acf_changed":false,"footnotes":""},"class_list":["post-41","page","type-page","status-publish","hentry"],"acf":[],"yoast_head":"<!-- This site is optimized with the Yoast SEO plugin v27.1.1 - https:\/\/yoast.com\/product\/yoast-seo-wordpress\/ -->\n<title>Bli frivillig - paahjulmotmobbing.nb.hcweb.dev<\/title>\n<meta name=\"robots\" content=\"noindex, follow, max-snippet:-1, max-image-preview:large, max-video-preview:-1\" \/>\n<meta property=\"og:locale\" content=\"en_US\" \/>\n<meta property=\"og:type\" content=\"article\" \/>\n<meta property=\"og:title\" content=\"Bli frivillig - paahjulmotmobbing.nb.hcweb.dev\" \/>\n<meta property=\"og:description\" content=\"Vil du bli frivillig? Alle som \u00f8nsker \u00e5 bidra til noe positivt for barn og unge kan bli frivillig hos oss. Vi holder til i Rogaland, og s\u00f8ker mennesker med et godt hjerte, trygg framferd og et \u00f8nske om \u00e5 gj\u00f8re en forskjell. Du trenger ikke spesielle forkunnskaper, det viktigste er engasjementet ditt. Hva du&hellip;\" \/>\n<meta property=\"og:url\" content=\"https:\/\/paahjulmotmobbing.wp1.hcweb.dev\/en\/bli-frivillig\/\" \/>\n<meta property=\"og:site_name\" content=\"paahjulmotmobbing.nb.hcweb.dev\" \/>\n<meta property=\"article:modified_time\" content=\"2026-03-09T11:37:13+00:00\" \/>\n<meta property=\"og:image\" content=\"https:\/\/paahjulmotmobbing.wp1.hcweb.dev\/wp-content\/plugins\/wpforms\/assets\/images\/submit-spin.svg\" \/>\n<meta name=\"twitter:card\" content=\"summary_large_image\" \/>\n<meta name=\"twitter:label1\" content=\"Est. reading time\" \/>\n\t<meta name=\"twitter:data1\" content=\"2 minutes\" \/>\n<script type=\"application\/ld+json\" class=\"yoast-schema-graph\">{\"@context\":\"https:\/\/schema.org\",\"@graph\":[{\"@type\":\"WebPage\",\"@id\":\"https:\/\/paahjulmotmobbing.wp1.hcweb.dev\/en\/bli-frivillig\/\",\"url\":\"https:\/\/paahjulmotmobbing.wp1.hcweb.dev\/en\/bli-frivillig\/\",\"name\":\"Bli frivillig - paahjulmotmobbing.nb.hcweb.dev\",\"isPartOf\":{\"@id\":\"https:\/\/paahjulmotmobbing.wp1.hcweb.dev\/en\/#website\"},\"primaryImageOfPage\":{\"@id\":\"https:\/\/paahjulmotmobbing.wp1.hcweb.dev\/en\/bli-frivillig\/#primaryimage\"},\"image\":{\"@id\":\"https:\/\/paahjulmotmobbing.wp1.hcweb.dev\/en\/bli-frivillig\/#primaryimage\"},\"thumbnailUrl\":\"https:\/\/paahjulmotmobbing.wp1.hcweb.dev\/wp-content\/plugins\/wpforms\/assets\/images\/submit-spin.svg\",\"datePublished\":\"2026-01-13T12:39:39+00:00\",\"dateModified\":\"2026-03-09T11:37:13+00:00\",\"breadcrumb\":{\"@id\":\"https:\/\/paahjulmotmobbing.wp1.hcweb.dev\/en\/bli-frivillig\/#breadcrumb\"},\"inLanguage\":\"en-US\",\"potentialAction\":[{\"@type\":\"ReadAction\",\"target\":[\"https:\/\/paahjulmotmobbing.wp1.hcweb.dev\/en\/bli-frivillig\/\"]}]},{\"@type\":\"ImageObject\",\"inLanguage\":\"en-US\",\"@id\":\"https:\/\/paahjulmotmobbing.wp1.hcweb.dev\/en\/bli-frivillig\/#primaryimage\",\"url\":\"https:\/\/paahjulmotmobbing.wp1.hcweb.dev\/wp-content\/plugins\/wpforms\/assets\/images\/submit-spin.svg\",\"contentUrl\":\"https:\/\/paahjulmotmobbing.wp1.hcweb.dev\/wp-content\/plugins\/wpforms\/assets\/images\/submit-spin.svg\"},{\"@type\":\"BreadcrumbList\",\"@id\":\"https:\/\/paahjulmotmobbing.wp1.hcweb.dev\/en\/bli-frivillig\/#breadcrumb\",\"itemListElement\":[{\"@type\":\"ListItem\",\"position\":1,\"name\":\"Home\",\"item\":\"https:\/\/paahjulmotmobbing.wp1.hcweb.dev\/en\/\"},{\"@type\":\"ListItem\",\"position\":2,\"name\":\"Bli frivillig\"}]},{\"@type\":\"WebSite\",\"@id\":\"https:\/\/paahjulmotmobbing.wp1.hcweb.dev\/en\/#website\",\"url\":\"https:\/\/paahjulmotmobbing.wp1.hcweb.dev\/en\/\",\"name\":\"paahjulmotmobbing.nb.hcweb.dev\",\"description\":\"\",\"potentialAction\":[{\"@type\":\"SearchAction\",\"target\":{\"@type\":\"EntryPoint\",\"urlTemplate\":\"https:\/\/paahjulmotmobbing.wp1.hcweb.dev\/en\/?s={search_term_string}\"},\"query-input\":{\"@type\":\"PropertyValueSpecification\",\"valueRequired\":true,\"valueName\":\"search_term_string\"}}],\"inLanguage\":\"en-US\"}]}<\/script>\n<!-- \/ Yoast SEO plugin. -->","yoast_head_json":{"title":"Bli frivillig - paahjulmotmobbing.nb.hcweb.dev","robots":{"index":"noindex","follow":"follow","max-snippet":"max-snippet:-1","max-image-preview":"max-image-preview:large","max-video-preview":"max-video-preview:-1"},"og_locale":"en_US","og_type":"article","og_title":"Bli frivillig - paahjulmotmobbing.nb.hcweb.dev","og_description":"Vil du bli frivillig? Alle som \u00f8nsker \u00e5 bidra til noe positivt for barn og unge kan bli frivillig hos oss. Vi holder til i Rogaland, og s\u00f8ker mennesker med et godt hjerte, trygg framferd og et \u00f8nske om \u00e5 gj\u00f8re en forskjell. Du trenger ikke spesielle forkunnskaper, det viktigste er engasjementet ditt. Hva du&hellip;","og_url":"https:\/\/paahjulmotmobbing.wp1.hcweb.dev\/en\/bli-frivillig\/","og_site_name":"paahjulmotmobbing.nb.hcweb.dev","article_modified_time":"2026-03-09T11:37:13+00:00","og_image":[{"url":"https:\/\/paahjulmotmobbing.wp1.hcweb.dev\/wp-content\/plugins\/wpforms\/assets\/images\/submit-spin.svg","type":"","width":"","height":""}],"twitter_card":"summary_large_image","twitter_misc":{"Est. reading time":"2 minutes"},"schema":{"@context":"https:\/\/schema.org","@graph":[{"@type":"WebPage","@id":"https:\/\/paahjulmotmobbing.wp1.hcweb.dev\/en\/bli-frivillig\/","url":"https:\/\/paahjulmotmobbing.wp1.hcweb.dev\/en\/bli-frivillig\/","name":"Bli frivillig - paahjulmotmobbing.nb.hcweb.dev","isPartOf":{"@id":"https:\/\/paahjulmotmobbing.wp1.hcweb.dev\/en\/#website"},"primaryImageOfPage":{"@id":"https:\/\/paahjulmotmobbing.wp1.hcweb.dev\/en\/bli-frivillig\/#primaryimage"},"image":{"@id":"https:\/\/paahjulmotmobbing.wp1.hcweb.dev\/en\/bli-frivillig\/#primaryimage"},"thumbnailUrl":"https:\/\/paahjulmotmobbing.wp1.hcweb.dev\/wp-content\/plugins\/wpforms\/assets\/images\/submit-spin.svg","datePublished":"2026-01-13T12:39:39+00:00","dateModified":"2026-03-09T11:37:13+00:00","breadcrumb":{"@id":"https:\/\/paahjulmotmobbing.wp1.hcweb.dev\/en\/bli-frivillig\/#breadcrumb"},"inLanguage":"en-US","potentialAction":[{"@type":"ReadAction","target":["https:\/\/paahjulmotmobbing.wp1.hcweb.dev\/en\/bli-frivillig\/"]}]},{"@type":"ImageObject","inLanguage":"en-US","@id":"https:\/\/paahjulmotmobbing.wp1.hcweb.dev\/en\/bli-frivillig\/#primaryimage","url":"https:\/\/paahjulmotmobbing.wp1.hcweb.dev\/wp-content\/plugins\/wpforms\/assets\/images\/submit-spin.svg","contentUrl":"https:\/\/paahjulmotmobbing.wp1.hcweb.dev\/wp-content\/plugins\/wpforms\/assets\/images\/submit-spin.svg"},{"@type":"BreadcrumbList","@id":"https:\/\/paahjulmotmobbing.wp1.hcweb.dev\/en\/bli-frivillig\/#breadcrumb","itemListElement":[{"@type":"ListItem","position":1,"name":"Home","item":"https:\/\/paahjulmotmobbing.wp1.hcweb.dev\/en\/"},{"@type":"ListItem","position":2,"name":"Bli frivillig"}]},{"@type":"WebSite","@id":"https:\/\/paahjulmotmobbing.wp1.hcweb.dev\/en\/#website","url":"https:\/\/paahjulmotmobbing.wp1.hcweb.dev\/en\/","name":"paahjulmotmobbing.nb.hcweb.dev","description":"","potentialAction":[{"@type":"SearchAction","target":{"@type":"EntryPoint","urlTemplate":"https:\/\/paahjulmotmobbing.wp1.hcweb.dev\/en\/?s={search_term_string}"},"query-input":{"@type":"PropertyValueSpecification","valueRequired":true,"valueName":"search_term_string"}}],"inLanguage":"en-US"}]}},"_links":{"self":[{"href":"https:\/\/paahjulmotmobbing.wp1.hcweb.dev\/en\/wp-json\/wp\/v2\/pages\/41","targetHints":{"allow":["GET"]}}],"collection":[{"href":"https:\/\/paahjulmotmobbing.wp1.hcweb.dev\/en\/wp-json\/wp\/v2\/pages"}],"about":[{"href":"https:\/\/paahjulmotmobbing.wp1.hcweb.dev\/en\/wp-json\/wp\/v2\/types\/page"}],"author":[{"embeddable":true,"href":"https:\/\/paahjulmotmobbing.wp1.hcweb.dev\/en\/wp-json\/wp\/v2\/users\/1"}],"replies":[{"embeddable":true,"href":"https:\/\/paahjulmotmobbing.wp1.hcweb.dev\/en\/wp-json\/wp\/v2\/comments?post=41"}],"version-history":[{"count":13,"href":"https:\/\/paahjulmotmobbing.wp1.hcweb.dev\/en\/wp-json\/wp\/v2\/pages\/41\/revisions"}],"predecessor-version":[{"id":399,"href":"https:\/\/paahjulmotmobbing.wp1.hcweb.dev\/en\/wp-json\/wp\/v2\/pages\/41\/revisions\/399"}],"wp:attachment":[{"href":"https:\/\/paahjulmotmobbing.wp1.hcweb.dev\/en\/wp-json\/wp\/v2\/media?parent=41"}],"curies":[{"name":"wp","href":"https:\/\/api.w.org\/{rel}","templated":true}]}}