{"id":39,"date":"2026-01-13T13:39:30","date_gmt":"2026-01-13T12:39:30","guid":{"rendered":"https:\/\/paahjulmotmobbing.wp1.hcweb.dev\/?page_id=39"},"modified":"2026-03-28T18:26:15","modified_gmt":"2026-03-28T17:26:15","slug":"stott-oss","status":"publish","type":"page","link":"https:\/\/paahjulmotmobbing.wp1.hcweb.dev\/en\/stott-oss\/","title":{"rendered":"Support us"},"content":{"rendered":"<h1>\n\t\t\tWe need your support\t<\/h1>\n<h3>\n\t\t\tThis project would not have been possible without good partners and support from private enthusiasts. A contribution from you means that we can delight more children and together create memorable and unique moments for a child in crisis.\t<\/h3>\n<figure itemscope itemtype=\"https:\/\/schema.org\/ImageObject\">\n\t\t\t\t<img decoding=\"async\" src=\"https:\/\/paahjulmotmobbing.wp1.hcweb.dev\/wp-content\/uploads\/2026\/01\/Vector-7.svg\" alt=\"Vector 7\" title=\"Vector 7\" onerror=\"this.style.display='none'\" loading=\"lazy\" \/>\n\t<\/figure>\n<h2>\n\t\t\tThere are many ways to contribute\t<\/h2>\n<h4>\n\t\t\tWould you like to support our cause? All funds help to give children who are not doing well an experience they will not soon or perhaps never forget. Thank you in advance for your support! See how you can make a difference:\t<\/h4>\n<h3>\n\t\t\tFixed contributions\t<\/h3>\n\t<p>You can easily set up a fixed donation with vipps by following the qr code below.<\/p>\n<p>Where you can choose the amount you want to donate each month.<\/p>\n<p>or if you want to just donate once<\/p>\n<p>There is no binding period, and the agreement can be terminated by contacting us at <a href=\"\/en\/post@motmobbing.no\/\">e-mail here.<\/a><\/p>\n<p>&nbsp;<\/p>\n<p>&nbsp;<\/p>\n\t<p><img loading=\"lazy\" decoding=\"async\" src=\"https:\/\/paahjulmotmobbing.wp1.hcweb.dev\/wp-content\/uploads\/2026\/03\/final_qr_overlay_v2-200x300.png\" alt=\"\" width=\"335\" height=\"503\" \/><\/p>\n<h3>\n\t\t\tFundraising campaign with SPLEIS\t<\/h3>\n\t<p>Start a SPLEIS, set a goal and encourage family, friends, acquaintances and strangers to support your splice.<\/p>\n<h3>\n\t\t\tShop in the online store\t<\/h3>\n\t<p>As a private individual, you can support us by shopping in our online store, where we have cool t-shirts, hoodies and other items for sale. All profits go to activities and content for trips with the children.<\/p>\n\t\t\t<a href=\"https:\/\/paahjulmotmobbing.wp1.hcweb.dev\/en\/nettbutikk\/\"  target=\"_self\">\n\t\t\t\t\t\t\tOnline store\n\t\t\t\t\t<\/a>\n<h3>\n\t\t\tUtfordre arbeidsplassen din til \u00e5 bidra &#8211; st\u00f8tt oss som bedrift\t<\/h3>\n\t<p>As a company, you have several opportunities to support us. Some companies support us financially and others contribute content and experiences to our tours.<\/p>\n<p><strong>For example:<\/strong> Free soft ice cream for the kids, cinema tickets, entry to activity parks or similar.<\/p>\n<p>Get in touch with us if you have any questions or would like to contribute on behalf of your company.<\/p>\n<h3>\n\t\t\tOther benefits in the form of activities and services\t<\/h3>\n\t\t\t Kan du bidra p\u00e5 andre m\u00e5ter? Vi er sv\u00e6rt interessert i \u00e5 h\u00f8re hva du har \u00e5 tilby.\t\t\n\t\t\t Aktiviteter, opplevelser eller fasiliteter.\t\t\n\t\t\t Spill, elektronikk, leker eller lignende.\t\t\n\t\t\t Gavekort \/ billetter til mat og underholdning\t\t\n\t\t\t<a href=\"https:\/\/paahjulmotmobbing.wp1.hcweb.dev\/en\/bli-sponsor\/\"  target=\"_self\">\n\t\t\t\t\t\t\tBecome a sponsor\n\t\t\t\t\t<\/a>\n\t\t\t<a href=\"https:\/\/paahjulmotmobbing.wp1.hcweb.dev\/en\/kontakt\/\"  target=\"_self\">\n\t\t\t\t\t\t\tContact us\n\t\t\t\t\t<\/a>\n<h2>\n\t\t\tMany thanks to all our supporters\t<\/h2>\n\t\t\t\t\t\t<img decoding=\"async\" src=\"https:\/\/paahjulmotmobbing.wp1.hcweb.dev\/wp-content\/uploads\/2026\/01\/bideco-gra.webp\" alt=\"bideco\" data-no-lazy=\"1\" \/>\t\t\t\t\t\n                            <p>bideco<\/p>\n\t\t\t\t\t\t<img decoding=\"async\" src=\"https:\/\/paahjulmotmobbing.wp1.hcweb.dev\/wp-content\/uploads\/2026\/01\/ad727c_52268b9caf7c4412b17c7b2e5423a0f5mv2.avif\" alt=\"Bjelland\" data-no-lazy=\"1\" \/>\t\t\t\t\t\n                            <p>timberland<\/p>\n\t\t\t\t\t\t<img decoding=\"async\" src=\"https:\/\/paahjulmotmobbing.wp1.hcweb.dev\/wp-content\/uploads\/2026\/01\/Logo-bla.svg\" alt=\"https:\/\/paahjulmotmobbing.wp1.hcweb.dev\/wp-content\/uploads\/2026\/01\/Logo-bla.svg\" data-no-lazy=\"1\" \/>\t\t\t\t\t\n\t\t\t\t\t\t<img decoding=\"async\" src=\"\" alt=\"\" data-no-lazy=\"1\" \/>\t\t\t\t\t\n\t\t\t\t\t\t<img decoding=\"async\" src=\"\" alt=\"\" data-no-lazy=\"1\" \/>\t\t\t\t\t\n\t\t\t\t\t\t<img decoding=\"async\" src=\"\" alt=\"\" data-no-lazy=\"1\" \/>\t\t\t\t\t\n\t\t\t\t\t\t<img decoding=\"async\" src=\"\" alt=\"\" data-no-lazy=\"1\" \/>\t\t\t\t\t\n\t\t\t\t\t\t<img decoding=\"async\" src=\"\" alt=\"\" data-no-lazy=\"1\" \/>\t\t\t\t\t\n\t\t\t\t\t\t<img decoding=\"async\" src=\"\" alt=\"\" data-no-lazy=\"1\" \/>\t\t\t\t\t\n\t\t\t<button>Next<\/button>\n\t\t<button>Previous<\/button>","protected":false},"excerpt":{"rendered":"<p>Vi trenger din st\u00f8tte Uten gode samarbeidspartnere og st\u00f8tte fra private ildsjeler hadde ikke dette prosjektet v\u00e6rt mulig. Et bidrag fra deg betyr at vi kan glede flere barn og sammen skape minnerike og unike \u00f8yeblikk for et barn i krise. Det finnes mange m\u00e5ter \u00e5 bidra p\u00e5 Vil du v\u00e6re med \u00e5 st\u00f8tte v\u00e5r&hellip;<\/p>","protected":false},"author":1,"featured_media":0,"parent":0,"menu_order":0,"comment_status":"closed","ping_status":"closed","template":"","meta":{"_acf_changed":false,"footnotes":""},"class_list":["post-39","page","type-page","status-publish","hentry"],"acf":[],"yoast_head":"<!-- This site is optimized with the Yoast SEO plugin v27.1.1 - https:\/\/yoast.com\/product\/yoast-seo-wordpress\/ -->\n<title>St\u00f8tt oss - paahjulmotmobbing.nb.hcweb.dev<\/title>\n<meta name=\"robots\" content=\"noindex, follow, max-snippet:-1, max-image-preview:large, max-video-preview:-1\" \/>\n<meta property=\"og:locale\" content=\"en_US\" \/>\n<meta property=\"og:type\" content=\"article\" \/>\n<meta property=\"og:title\" content=\"St\u00f8tt oss - paahjulmotmobbing.nb.hcweb.dev\" \/>\n<meta property=\"og:description\" content=\"Vi trenger din st\u00f8tte Uten gode samarbeidspartnere og st\u00f8tte fra private ildsjeler hadde ikke dette prosjektet v\u00e6rt mulig. Et bidrag fra deg betyr at vi kan glede flere barn og sammen skape minnerike og unike \u00f8yeblikk for et barn i krise. Det finnes mange m\u00e5ter \u00e5 bidra p\u00e5 Vil du v\u00e6re med \u00e5 st\u00f8tte v\u00e5r&hellip;\" \/>\n<meta property=\"og:url\" content=\"https:\/\/paahjulmotmobbing.wp1.hcweb.dev\/en\/stott-oss\/\" \/>\n<meta property=\"og:site_name\" content=\"paahjulmotmobbing.nb.hcweb.dev\" \/>\n<meta property=\"article:modified_time\" content=\"2026-03-28T17:26:15+00:00\" \/>\n<meta property=\"og:image\" content=\"https:\/\/paahjulmotmobbing.wp1.hcweb.dev\/wp-content\/uploads\/2026\/01\/Vector-7.svg\" \/>\n<meta name=\"twitter:card\" content=\"summary_large_image\" \/>\n<meta name=\"twitter:label1\" content=\"Est. reading time\" \/>\n\t<meta name=\"twitter:data1\" content=\"4 minutes\" \/>\n<script type=\"application\/ld+json\" class=\"yoast-schema-graph\">{\"@context\":\"https:\/\/schema.org\",\"@graph\":[{\"@type\":\"WebPage\",\"@id\":\"https:\/\/paahjulmotmobbing.wp1.hcweb.dev\/en\/stott-oss\/\",\"url\":\"https:\/\/paahjulmotmobbing.wp1.hcweb.dev\/en\/stott-oss\/\",\"name\":\"St\u00f8tt oss - paahjulmotmobbing.nb.hcweb.dev\",\"isPartOf\":{\"@id\":\"https:\/\/paahjulmotmobbing.wp1.hcweb.dev\/en\/#website\"},\"primaryImageOfPage\":{\"@id\":\"https:\/\/paahjulmotmobbing.wp1.hcweb.dev\/en\/stott-oss\/#primaryimage\"},\"image\":{\"@id\":\"https:\/\/paahjulmotmobbing.wp1.hcweb.dev\/en\/stott-oss\/#primaryimage\"},\"thumbnailUrl\":\"https:\/\/paahjulmotmobbing.wp1.hcweb.dev\/wp-content\/uploads\/2026\/01\/Vector-7.svg\",\"datePublished\":\"2026-01-13T12:39:30+00:00\",\"dateModified\":\"2026-03-28T17:26:15+00:00\",\"breadcrumb\":{\"@id\":\"https:\/\/paahjulmotmobbing.wp1.hcweb.dev\/en\/stott-oss\/#breadcrumb\"},\"inLanguage\":\"en-US\",\"potentialAction\":[{\"@type\":\"ReadAction\",\"target\":[\"https:\/\/paahjulmotmobbing.wp1.hcweb.dev\/en\/stott-oss\/\"]}]},{\"@type\":\"ImageObject\",\"inLanguage\":\"en-US\",\"@id\":\"https:\/\/paahjulmotmobbing.wp1.hcweb.dev\/en\/stott-oss\/#primaryimage\",\"url\":\"https:\/\/paahjulmotmobbing.wp1.hcweb.dev\/wp-content\/uploads\/2026\/01\/Vector-7.svg\",\"contentUrl\":\"https:\/\/paahjulmotmobbing.wp1.hcweb.dev\/wp-content\/uploads\/2026\/01\/Vector-7.svg\"},{\"@type\":\"BreadcrumbList\",\"@id\":\"https:\/\/paahjulmotmobbing.wp1.hcweb.dev\/en\/stott-oss\/#breadcrumb\",\"itemListElement\":[{\"@type\":\"ListItem\",\"position\":1,\"name\":\"Home\",\"item\":\"https:\/\/paahjulmotmobbing.wp1.hcweb.dev\/en\/\"},{\"@type\":\"ListItem\",\"position\":2,\"name\":\"St\u00f8tt oss\"}]},{\"@type\":\"WebSite\",\"@id\":\"https:\/\/paahjulmotmobbing.wp1.hcweb.dev\/en\/#website\",\"url\":\"https:\/\/paahjulmotmobbing.wp1.hcweb.dev\/en\/\",\"name\":\"paahjulmotmobbing.nb.hcweb.dev\",\"description\":\"\",\"potentialAction\":[{\"@type\":\"SearchAction\",\"target\":{\"@type\":\"EntryPoint\",\"urlTemplate\":\"https:\/\/paahjulmotmobbing.wp1.hcweb.dev\/en\/?s={search_term_string}\"},\"query-input\":{\"@type\":\"PropertyValueSpecification\",\"valueRequired\":true,\"valueName\":\"search_term_string\"}}],\"inLanguage\":\"en-US\"}]}<\/script>\n<!-- \/ Yoast SEO plugin. -->","yoast_head_json":{"title":"St\u00f8tt oss - paahjulmotmobbing.nb.hcweb.dev","robots":{"index":"noindex","follow":"follow","max-snippet":"max-snippet:-1","max-image-preview":"max-image-preview:large","max-video-preview":"max-video-preview:-1"},"og_locale":"en_US","og_type":"article","og_title":"St\u00f8tt oss - paahjulmotmobbing.nb.hcweb.dev","og_description":"Vi trenger din st\u00f8tte Uten gode samarbeidspartnere og st\u00f8tte fra private ildsjeler hadde ikke dette prosjektet v\u00e6rt mulig. Et bidrag fra deg betyr at vi kan glede flere barn og sammen skape minnerike og unike \u00f8yeblikk for et barn i krise. Det finnes mange m\u00e5ter \u00e5 bidra p\u00e5 Vil du v\u00e6re med \u00e5 st\u00f8tte v\u00e5r&hellip;","og_url":"https:\/\/paahjulmotmobbing.wp1.hcweb.dev\/en\/stott-oss\/","og_site_name":"paahjulmotmobbing.nb.hcweb.dev","article_modified_time":"2026-03-28T17:26:15+00:00","og_image":[{"url":"https:\/\/paahjulmotmobbing.wp1.hcweb.dev\/wp-content\/uploads\/2026\/01\/Vector-7.svg","type":"","width":"","height":""}],"twitter_card":"summary_large_image","twitter_misc":{"Est. reading time":"4 minutes"},"schema":{"@context":"https:\/\/schema.org","@graph":[{"@type":"WebPage","@id":"https:\/\/paahjulmotmobbing.wp1.hcweb.dev\/en\/stott-oss\/","url":"https:\/\/paahjulmotmobbing.wp1.hcweb.dev\/en\/stott-oss\/","name":"St\u00f8tt oss - paahjulmotmobbing.nb.hcweb.dev","isPartOf":{"@id":"https:\/\/paahjulmotmobbing.wp1.hcweb.dev\/en\/#website"},"primaryImageOfPage":{"@id":"https:\/\/paahjulmotmobbing.wp1.hcweb.dev\/en\/stott-oss\/#primaryimage"},"image":{"@id":"https:\/\/paahjulmotmobbing.wp1.hcweb.dev\/en\/stott-oss\/#primaryimage"},"thumbnailUrl":"https:\/\/paahjulmotmobbing.wp1.hcweb.dev\/wp-content\/uploads\/2026\/01\/Vector-7.svg","datePublished":"2026-01-13T12:39:30+00:00","dateModified":"2026-03-28T17:26:15+00:00","breadcrumb":{"@id":"https:\/\/paahjulmotmobbing.wp1.hcweb.dev\/en\/stott-oss\/#breadcrumb"},"inLanguage":"en-US","potentialAction":[{"@type":"ReadAction","target":["https:\/\/paahjulmotmobbing.wp1.hcweb.dev\/en\/stott-oss\/"]}]},{"@type":"ImageObject","inLanguage":"en-US","@id":"https:\/\/paahjulmotmobbing.wp1.hcweb.dev\/en\/stott-oss\/#primaryimage","url":"https:\/\/paahjulmotmobbing.wp1.hcweb.dev\/wp-content\/uploads\/2026\/01\/Vector-7.svg","contentUrl":"https:\/\/paahjulmotmobbing.wp1.hcweb.dev\/wp-content\/uploads\/2026\/01\/Vector-7.svg"},{"@type":"BreadcrumbList","@id":"https:\/\/paahjulmotmobbing.wp1.hcweb.dev\/en\/stott-oss\/#breadcrumb","itemListElement":[{"@type":"ListItem","position":1,"name":"Home","item":"https:\/\/paahjulmotmobbing.wp1.hcweb.dev\/en\/"},{"@type":"ListItem","position":2,"name":"St\u00f8tt oss"}]},{"@type":"WebSite","@id":"https:\/\/paahjulmotmobbing.wp1.hcweb.dev\/en\/#website","url":"https:\/\/paahjulmotmobbing.wp1.hcweb.dev\/en\/","name":"paahjulmotmobbing.nb.hcweb.dev","description":"","potentialAction":[{"@type":"SearchAction","target":{"@type":"EntryPoint","urlTemplate":"https:\/\/paahjulmotmobbing.wp1.hcweb.dev\/en\/?s={search_term_string}"},"query-input":{"@type":"PropertyValueSpecification","valueRequired":true,"valueName":"search_term_string"}}],"inLanguage":"en-US"}]}},"_links":{"self":[{"href":"https:\/\/paahjulmotmobbing.wp1.hcweb.dev\/en\/wp-json\/wp\/v2\/pages\/39","targetHints":{"allow":["GET"]}}],"collection":[{"href":"https:\/\/paahjulmotmobbing.wp1.hcweb.dev\/en\/wp-json\/wp\/v2\/pages"}],"about":[{"href":"https:\/\/paahjulmotmobbing.wp1.hcweb.dev\/en\/wp-json\/wp\/v2\/types\/page"}],"author":[{"embeddable":true,"href":"https:\/\/paahjulmotmobbing.wp1.hcweb.dev\/en\/wp-json\/wp\/v2\/users\/1"}],"replies":[{"embeddable":true,"href":"https:\/\/paahjulmotmobbing.wp1.hcweb.dev\/en\/wp-json\/wp\/v2\/comments?post=39"}],"version-history":[{"count":19,"href":"https:\/\/paahjulmotmobbing.wp1.hcweb.dev\/en\/wp-json\/wp\/v2\/pages\/39\/revisions"}],"predecessor-version":[{"id":554,"href":"https:\/\/paahjulmotmobbing.wp1.hcweb.dev\/en\/wp-json\/wp\/v2\/pages\/39\/revisions\/554"}],"wp:attachment":[{"href":"https:\/\/paahjulmotmobbing.wp1.hcweb.dev\/en\/wp-json\/wp\/v2\/media?parent=39"}],"curies":[{"name":"wp","href":"https:\/\/api.w.org\/{rel}","templated":true}]}}